{"id":10304,"date":"2022-05-30T11:26:02","date_gmt":"2022-05-30T09:26:02","guid":{"rendered":"https:\/\/www.tantralife.com\/?page_id=10304"},"modified":"2022-05-30T15:01:53","modified_gmt":"2022-05-30T13:01:53","slug":"corsi-per-tutti","status":"publish","type":"page","link":"https:\/\/www.tantralife.com\/it\/corsi-per-tutti\/","title":{"rendered":"Corsi per Tutti"},"content":{"rendered":"<style type=\"text\/css\"> \n#cmsms_row_6a01a4fcae2522_97666191 .cmsms_row_outer_parent { \n\tpadding-top: 60px; \n} \n\n#cmsms_row_6a01a4fcae2522_97666191 .cmsms_row_outer_parent { \n\tpadding-bottom: 50px; \n} \n\n \n#cmsms_heading_6a01a4fcae4516_99175962 { \n\ttext-align:left; \n\tmargin-top:0px; \n\tmargin-bottom:40px; \n} \n\n#cmsms_heading_6a01a4fcae4516_99175962 .cmsms_heading { \n\ttext-align:left; \n} \n\n#cmsms_heading_6a01a4fcae4516_99175962 .cmsms_heading, #cmsms_heading_6a01a4fcae4516_99175962 .cmsms_heading a { \n\tfont-weight:600; \n\tfont-style:normal; \n\tcolor:#ac2544;\n} \n\n#cmsms_heading_6a01a4fcae4516_99175962 .cmsms_heading_divider { \n} \n\n \n#cmsms_divider_6a01a4fcae5807_07789316 { \n\tborder-bottom-width:0px; \n\tborder-bottom-style:solid; \n\tpadding-top:10px; \n\tmargin-bottom:10px; \n} \n \n#cmsms_row_6a01a4fcae7dc5_39283019 { \n\tbackground-color:rgba(254,210,98,0.5);\n} \n\n#cmsms_row_6a01a4fcae7dc5_39283019 .cmsms_row_outer_parent { \n\tpadding-top: 50px; \n} \n\n#cmsms_row_6a01a4fcae7dc5_39283019 .cmsms_row_outer_parent { \n\tpadding-bottom: 30px; \n} \n\n \n#cmsms_heading_6a01a4fcae8800_32465308 { \n\ttext-align:left; \n\tmargin-top:0px; \n\tmargin-bottom:20px; \n} \n\n#cmsms_heading_6a01a4fcae8800_32465308 .cmsms_heading { \n\ttext-align:left; \n} \n\n#cmsms_heading_6a01a4fcae8800_32465308 .cmsms_heading, #cmsms_heading_6a01a4fcae8800_32465308 .cmsms_heading a { \n\tfont-family:'Poiret One'; \n\tfont-size:38px; \n\tline-height:48px; \n\tfont-weight:bold; \n\tfont-style:normal; \n\tcolor:#ac2544;\n} \n\n#cmsms_heading_6a01a4fcae8800_32465308 .cmsms_heading_divider { \n} \n\n\n#cmsms_button_6a01a4fcae8fa8_81068221 { \n\ttext-align:center; \n} \n\n#cmsms_button_6a01a4fcae8fa8_81068221 .cmsms_button:before { \n\tmargin-right:.5em; \n\tmargin-left:0; \n\tvertical-align:baseline; \n} \n\n#cmsms_button_6a01a4fcae8fa8_81068221 .cmsms_button { \n\tfont-size:15px; \n\tline-height:40px; \n\tfont-weight:700; \n\tfont-style:normal; \n\tborder-style:solid; \n\tbackground-color:rgba(254,210,98,0);\n\tcolor:#ac2544;\n\tborder-color:#ac2544;\n} \n#cmsms_button_6a01a4fcae8fa8_81068221 .cmsms_button:hover { \n\tbackground-color:#ac2544;\n\tcolor:#ffffff;\n\tborder-color:#ac2544;\n} \n<\/style><div id=\"cmsms_row_6a01a4fcae2522_97666191\" class=\"cmsms_row cmsms_color_scheme_default\">\n<div class=\"cmsms_row_outer_parent\">\n<div class=\"cmsms_row_outer\">\n<div class=\"cmsms_row_inner\">\n<div class=\"cmsms_row_margin\">\n<div class=\"cmsms_column one_first\">\n\n<div id=\"cmsms_heading_6a01a4fcae4516_99175962\" class=\"cmsms_heading_wrap cmsms_heading_align_left\">\n\t<h1 class=\"cmsms_heading\">Corsi per Tutti<\/h1>\n<\/div><div class=\"cmsms_text\">\n<p>Proponiamo tanti corsi adatti a tutti: eventi brevi, corsi nei weekend, corsi brevi residenziali. Sono condotti da Radha e-o altri insegnanti di Tantralife.<\/p>\n<p>Questi corsi ti offrono un assaggio del metodo Tantralife, se hai solo brevi vacanze e\/o hai poco tempo e denaro da investire. Avrai abbastanza tempo per esplorare alcune tecniche Tantra molto efficaci e conoscere pi\u00f9 da vicino Radha e il Tantralife Team.<\/p>\n<p>In poco tempo, puoi connetterti con le persone a un livello pi\u00f9 profondo e condividere momenti intimi in un ambiente sicuro e protetto. \u00c8 anche una grande opportunit\u00e0 per coloro che hanno precedenti esperienze con il Tantralife di ri-sintonizzarsi con l&#8217;energia del Tantra e sentirsi nutriti e rigenerati.<\/p>\n<\/div>\n\n<div id=\"cmsms_divider_6a01a4fcae5807_07789316\" class=\"cl\"><\/div>\n<div class=\"cmsms_toggles toggles_mode_toggle\">\n<div class=\"cmsms_toggle_wrap current_toggle\" data-tags=\"all \">\n<div class=\"cmsms_toggle_title\">\n<span class=\"cmsms_toggle_plus\">\n<span class=\"cmsms_toggle_plus_hor\"><\/span>\n<span class=\"cmsms_toggle_plus_vert\"><\/span>\n<\/span>\n<a href=\"#\">Cosa succede durante i corsi Tantralife per tutti?<\/a>\n<\/div>\n<div class=\"cmsms_toggle\">\n<div class=\"cmsms_toggle_inner\">\n<p>I corsi Tantralife ti offrono un intenso programma di pratiche Tantra per attivare la tua energia sessuale e imparare a lasciarla fluire liberamente. L&#8217;approccio \u00e8 leggero e giocoso ma allo stesso tempo molto profondo e trasformativo.<\/p>\n<p>Ecco cosa accadr\u00e0:<\/p>\n<ul>\n<li>Meditazioni tantriche antiche<\/li>\n<li>Meditazioni attive di Osho<\/li>\n<li>Tecniche di danza consapevole e movimento del corpo<\/li>\n<li>Esercizi di respirazione tantrica<\/li>\n<li>Tecniche di bioenergetica<\/li>\n<li>Esercizi di contatto per esplorare i confini<\/li>\n<li>Esercizi tantrici di esplorazione sensoriale (da solo e con gli altri)<\/li>\n<li>Abbracci tantrici<\/li>\n<li>Nessuna tecnica sessuale<\/li>\n<li>Nessun massaggio<\/li>\n<li>Nessuna nudit\u00e0<\/li>\n<\/ul>\n<\/div>\n<\/div>\n<\/div><div class=\"cmsms_toggle_wrap\" data-tags=\"all \">\n<div class=\"cmsms_toggle_title\">\n<span class=\"cmsms_toggle_plus\">\n<span class=\"cmsms_toggle_plus_hor\"><\/span>\n<span class=\"cmsms_toggle_plus_vert\"><\/span>\n<\/span>\n<a href=\"#\">Cosa imparer\u00f2?<\/a>\n<\/div>\n<div class=\"cmsms_toggle\">\n<div class=\"cmsms_toggle_inner\">\n<p>Imparerai le tecniche per connetterti con la tua energia sessuale e giocarci. Imparerai come sentire la tua sessualit\u00e0 come un fenomeno energetico e lasciarla crescere dentro di te. Scoprirai come ci si sente ad essere un individuo radicato nella fonte originaria della vita: il sesso. Imparerai come espandere la tua energia sessuale, in modo che tu possa goderti la vita molto di pi\u00f9. Imparerai tecniche per aumentare il tuo livello di energia e otterrai nuove intuizioni su ci\u00f2 che ti impedisce di esprimere il tuo pieno potenziale. \u00c8 un&#8217;opportunit\u00e0 per liberarti da queste limitazioni, non solo a livello sessuale, ma psicologicamente, emotivamente ed energeticamente con effetti benefici su tutti gli aspetti della tua vita. Puoi identificare e accedere a risorse che in precedenza erano nascoste dentro di te. E puoi attingere alla tua fonte infinita di energia, vitalit\u00e0 e creativit\u00e0 per vivere la vita al massimo delle tue potenzialit\u00e0.<\/p>\n<\/div>\n<\/div>\n<\/div><div class=\"cmsms_toggle_wrap\" data-tags=\"all \">\n<div class=\"cmsms_toggle_title\">\n<span class=\"cmsms_toggle_plus\">\n<span class=\"cmsms_toggle_plus_hor\"><\/span>\n<span class=\"cmsms_toggle_plus_vert\"><\/span>\n<\/span>\n<a href=\"#\">Si possono fare domande personali?<\/a>\n<\/div>\n<div class=\"cmsms_toggle\">\n<div class=\"cmsms_toggle_inner\">\n<p>S\u00ec, di solito c&#8217;\u00e8 la possibilit\u00e0 di chiedere agli insegnanti consigli e feedback personalizzati.<\/p>\n<\/div>\n<\/div>\n<\/div><div class=\"cmsms_toggle_wrap\" data-tags=\"all \">\n<div class=\"cmsms_toggle_title\">\n<span class=\"cmsms_toggle_plus\">\n<span class=\"cmsms_toggle_plus_hor\"><\/span>\n<span class=\"cmsms_toggle_plus_vert\"><\/span>\n<\/span>\n<a href=\"#\">C\u2019\u00e8 una parte teorica?<\/a>\n<\/div>\n<div class=\"cmsms_toggle\">\n<div class=\"cmsms_toggle_inner\">\n<p>No, l&#8217;approccio Tantralife \u00e8 principalmente pratico ed esperienziale. La teoria viene spiegata durante i corsi avanzati del Training.<\/p>\n<\/div>\n<\/div>\n<\/div><div class=\"cmsms_toggle_wrap\" data-tags=\"all \">\n<div class=\"cmsms_toggle_title\">\n<span class=\"cmsms_toggle_plus\">\n<span class=\"cmsms_toggle_plus_hor\"><\/span>\n<span class=\"cmsms_toggle_plus_vert\"><\/span>\n<\/span>\n<a href=\"#\">\u00c8 aperto a tutti, single, coppie?<\/a>\n<\/div>\n<div class=\"cmsms_toggle\">\n<div class=\"cmsms_toggle_inner\">\n<p>S\u00ec.<\/p>\n<\/div>\n<\/div>\n<\/div><div class=\"cmsms_toggle_wrap\" data-tags=\"all \">\n<div class=\"cmsms_toggle_title\">\n<span class=\"cmsms_toggle_plus\">\n<span class=\"cmsms_toggle_plus_hor\"><\/span>\n<span class=\"cmsms_toggle_plus_vert\"><\/span>\n<\/span>\n<a href=\"#\">C\u2032\u00e8 un numero pari di uomini e donne?<\/a>\n<\/div>\n<div class=\"cmsms_toggle\">\n<div class=\"cmsms_toggle_inner\">\n<p>Facciamo del nostro meglio per formare un gruppo equamente distribuito tra uomini e donne. Tuttavia, questo non \u00e8 sempre garantito.<\/p>\n<\/div>\n<\/div>\n<\/div><div class=\"cmsms_toggle_wrap\" data-tags=\"all \">\n<div class=\"cmsms_toggle_title\">\n<span class=\"cmsms_toggle_plus\">\n<span class=\"cmsms_toggle_plus_hor\"><\/span>\n<span class=\"cmsms_toggle_plus_vert\"><\/span>\n<\/span>\n<a href=\"#\">La sede \u00e8 bella?<\/a>\n<\/div>\n<div class=\"cmsms_toggle\">\n<div class=\"cmsms_toggle_inner\">\n<p>S\u00ec, selezioniamo accuratamente le sedi che garantiscono privacy e protezione al gruppo. La sede sar\u00e0 ben riscaldata\/raffreddata, luminosa, spaziosa e pulita.<\/p>\n<\/div>\n<\/div>\n<\/div><div class=\"cmsms_toggle_wrap\" data-tags=\"all \">\n<div class=\"cmsms_toggle_title\">\n<span class=\"cmsms_toggle_plus\">\n<span class=\"cmsms_toggle_plus_hor\"><\/span>\n<span class=\"cmsms_toggle_plus_vert\"><\/span>\n<\/span>\n<a href=\"#\">Quante persone dello staff di Tantralife ci saranno?<\/a>\n<\/div>\n<div class=\"cmsms_toggle\">\n<div class=\"cmsms_toggle_inner\">\n<p>Garantiamo la presenza dei facilitatori pi\u00f9 qualificati e formati nella scuola Tantralife, da 2 a 5 persone (a seconda della dimensione del gruppo).<\/p>\n<\/div>\n<\/div>\n<\/div><div class=\"cmsms_toggle_wrap\" data-tags=\"all \">\n<div class=\"cmsms_toggle_title\">\n<span class=\"cmsms_toggle_plus\">\n<span class=\"cmsms_toggle_plus_hor\"><\/span>\n<span class=\"cmsms_toggle_plus_vert\"><\/span>\n<\/span>\n<a href=\"#\">Ricevo un certificato?<\/a>\n<\/div>\n<div class=\"cmsms_toggle\">\n<div class=\"cmsms_toggle_inner\">\n<p>Offriamo un certificato di frequenza solo al completamento dei training della Tantralife Academy.<\/p>\n<\/div>\n<\/div>\n<\/div><\/div>\n<\/div>\n<\/div>\n<\/div>\n<\/div>\n<\/div>\n<\/div>\n<div id=\"cmsms_row_6a01a4fcae7dc5_39283019\" class=\"cmsms_row cmsms_color_scheme_fifth\">\n<div class=\"cmsms_row_outer_parent\">\n<div class=\"cmsms_row_outer\">\n<div class=\"cmsms_row_inner\">\n<div class=\"cmsms_row_margin\">\n<div class=\"cmsms_column three_fourth\">\n\n<div id=\"cmsms_heading_6a01a4fcae8800_32465308\" class=\"cmsms_heading_wrap cmsms_heading_align_left\">\n\t<h1 class=\"cmsms_heading\">Scopri tutti i corsi e gli eventi in programma!<\/h1>\n<\/div>\n<\/div>\n<div class=\"cmsms_column one_fourth\">\n\n<div id=\"cmsms_button_6a01a4fcae8fa8_81068221\" class=\"button_wrap\"><a href=\"\/it\/calendar\/\" class=\"cmsms_button cmsms-icon-calendar-3\"><span>CALENDARIO<\/span><\/a><\/div>\n<\/div>\n<\/div>\n<\/div>\n<\/div>\n<\/div>\n<\/div>\n\n","protected":false},"excerpt":{"rendered":"","protected":false},"author":1,"featured_media":0,"parent":0,"menu_order":2,"comment_status":"closed","ping_status":"closed","template":"","meta":{"footnotes":""},"class_list":["post-10304","page","type-page","status-publish","hentry"],"yoast_head":"<!-- This site is optimized with the Yoast SEO plugin v26.2 - https:\/\/yoast.com\/wordpress\/plugins\/seo\/ -->\n<title>Corsi per Tutti: eventi brevi, corsi nei weekend, corsi brevi residenziali<\/title>\n<meta name=\"description\" content=\"Proponiamo tanti corsi adatti a tutti: eventi brevi, corsi nei weekend, corsi brevi residenziali. Sono condotti da Radha e-o altri insegnanti di Tantralife.\" \/>\n<meta name=\"robots\" content=\"index, follow, max-snippet:-1, max-image-preview:large, max-video-preview:-1\" \/>\n<link rel=\"canonical\" href=\"https:\/\/www.tantralife.com\/it\/corsi-per-tutti\/\" \/>\n<meta property=\"og:locale\" content=\"it_IT\" \/>\n<meta property=\"og:type\" content=\"article\" \/>\n<meta property=\"og:title\" content=\"Corsi per Tutti: eventi brevi, corsi nei weekend, corsi brevi residenziali\" \/>\n<meta property=\"og:description\" content=\"Proponiamo tanti corsi adatti a tutti: eventi brevi, corsi nei weekend, corsi brevi residenziali. Sono condotti da Radha e-o altri insegnanti di Tantralife.\" \/>\n<meta property=\"og:url\" content=\"https:\/\/www.tantralife.com\/it\/corsi-per-tutti\/\" \/>\n<meta property=\"og:site_name\" content=\"Tantralife\" \/>\n<meta property=\"article:modified_time\" content=\"2022-05-30T13:01:53+00:00\" \/>\n<meta name=\"twitter:card\" content=\"summary_large_image\" \/>\n<meta name=\"twitter:label1\" content=\"Tempo di lettura stimato\" \/>\n\t<meta name=\"twitter:data1\" content=\"9 minuti\" \/>\n<script type=\"application\/ld+json\" class=\"yoast-schema-graph\">{\"@context\":\"https:\/\/schema.org\",\"@graph\":[{\"@type\":\"WebPage\",\"@id\":\"https:\/\/www.tantralife.com\/it\/corsi-per-tutti\/\",\"url\":\"https:\/\/www.tantralife.com\/it\/corsi-per-tutti\/\",\"name\":\"Corsi per Tutti: eventi brevi, corsi nei weekend, corsi brevi residenziali\",\"isPartOf\":{\"@id\":\"https:\/\/www.tantralife.com\/it\/#website\"},\"datePublished\":\"2022-05-30T09:26:02+00:00\",\"dateModified\":\"2022-05-30T13:01:53+00:00\",\"description\":\"Proponiamo tanti corsi adatti a tutti: eventi brevi, corsi nei weekend, corsi brevi residenziali. Sono condotti da Radha e-o altri insegnanti di Tantralife.\",\"inLanguage\":\"it-IT\",\"potentialAction\":[{\"@type\":\"ReadAction\",\"target\":[\"https:\/\/www.tantralife.com\/it\/corsi-per-tutti\/\"]}]},{\"@type\":\"WebSite\",\"@id\":\"https:\/\/www.tantralife.com\/it\/#website\",\"url\":\"https:\/\/www.tantralife.com\/it\/\",\"name\":\"Tantralife\",\"description\":\"conscious love natural life\",\"publisher\":{\"@id\":\"https:\/\/www.tantralife.com\/it\/#organization\"},\"potentialAction\":[{\"@type\":\"SearchAction\",\"target\":{\"@type\":\"EntryPoint\",\"urlTemplate\":\"https:\/\/www.tantralife.com\/it\/?s={search_term_string}\"},\"query-input\":{\"@type\":\"PropertyValueSpecification\",\"valueRequired\":true,\"valueName\":\"search_term_string\"}}],\"inLanguage\":\"it-IT\"},{\"@type\":\"Organization\",\"@id\":\"https:\/\/www.tantralife.com\/it\/#organization\",\"name\":\"Tantralife\",\"url\":\"https:\/\/www.tantralife.com\/it\/\",\"logo\":{\"@type\":\"ImageObject\",\"inLanguage\":\"it-IT\",\"@id\":\"https:\/\/www.tantralife.com\/it\/#\/schema\/logo\/image\/\",\"url\":\"https:\/\/www.tantralife.com\/wp-content\/uploads\/tantralife_red.png\",\"contentUrl\":\"https:\/\/www.tantralife.com\/wp-content\/uploads\/tantralife_red.png\",\"width\":270,\"height\":61,\"caption\":\"Tantralife\"},\"image\":{\"@id\":\"https:\/\/www.tantralife.com\/it\/#\/schema\/logo\/image\/\"}}]}<\/script>\n<!-- \/ Yoast SEO plugin. -->","yoast_head_json":{"title":"Corsi per Tutti: eventi brevi, corsi nei weekend, corsi brevi residenziali","description":"Proponiamo tanti corsi adatti a tutti: eventi brevi, corsi nei weekend, corsi brevi residenziali. Sono condotti da Radha e-o altri insegnanti di Tantralife.","robots":{"index":"index","follow":"follow","max-snippet":"max-snippet:-1","max-image-preview":"max-image-preview:large","max-video-preview":"max-video-preview:-1"},"canonical":"https:\/\/www.tantralife.com\/it\/corsi-per-tutti\/","og_locale":"it_IT","og_type":"article","og_title":"Corsi per Tutti: eventi brevi, corsi nei weekend, corsi brevi residenziali","og_description":"Proponiamo tanti corsi adatti a tutti: eventi brevi, corsi nei weekend, corsi brevi residenziali. Sono condotti da Radha e-o altri insegnanti di Tantralife.","og_url":"https:\/\/www.tantralife.com\/it\/corsi-per-tutti\/","og_site_name":"Tantralife","article_modified_time":"2022-05-30T13:01:53+00:00","twitter_card":"summary_large_image","twitter_misc":{"Tempo di lettura stimato":"9 minuti"},"schema":{"@context":"https:\/\/schema.org","@graph":[{"@type":"WebPage","@id":"https:\/\/www.tantralife.com\/it\/corsi-per-tutti\/","url":"https:\/\/www.tantralife.com\/it\/corsi-per-tutti\/","name":"Corsi per Tutti: eventi brevi, corsi nei weekend, corsi brevi residenziali","isPartOf":{"@id":"https:\/\/www.tantralife.com\/it\/#website"},"datePublished":"2022-05-30T09:26:02+00:00","dateModified":"2022-05-30T13:01:53+00:00","description":"Proponiamo tanti corsi adatti a tutti: eventi brevi, corsi nei weekend, corsi brevi residenziali. Sono condotti da Radha e-o altri insegnanti di Tantralife.","inLanguage":"it-IT","potentialAction":[{"@type":"ReadAction","target":["https:\/\/www.tantralife.com\/it\/corsi-per-tutti\/"]}]},{"@type":"WebSite","@id":"https:\/\/www.tantralife.com\/it\/#website","url":"https:\/\/www.tantralife.com\/it\/","name":"Tantralife","description":"conscious love natural life","publisher":{"@id":"https:\/\/www.tantralife.com\/it\/#organization"},"potentialAction":[{"@type":"SearchAction","target":{"@type":"EntryPoint","urlTemplate":"https:\/\/www.tantralife.com\/it\/?s={search_term_string}"},"query-input":{"@type":"PropertyValueSpecification","valueRequired":true,"valueName":"search_term_string"}}],"inLanguage":"it-IT"},{"@type":"Organization","@id":"https:\/\/www.tantralife.com\/it\/#organization","name":"Tantralife","url":"https:\/\/www.tantralife.com\/it\/","logo":{"@type":"ImageObject","inLanguage":"it-IT","@id":"https:\/\/www.tantralife.com\/it\/#\/schema\/logo\/image\/","url":"https:\/\/www.tantralife.com\/wp-content\/uploads\/tantralife_red.png","contentUrl":"https:\/\/www.tantralife.com\/wp-content\/uploads\/tantralife_red.png","width":270,"height":61,"caption":"Tantralife"},"image":{"@id":"https:\/\/www.tantralife.com\/it\/#\/schema\/logo\/image\/"}}]}},"_links":{"self":[{"href":"https:\/\/www.tantralife.com\/it\/wp-json\/wp\/v2\/pages\/10304","targetHints":{"allow":["GET"]}}],"collection":[{"href":"https:\/\/www.tantralife.com\/it\/wp-json\/wp\/v2\/pages"}],"about":[{"href":"https:\/\/www.tantralife.com\/it\/wp-json\/wp\/v2\/types\/page"}],"author":[{"embeddable":true,"href":"https:\/\/www.tantralife.com\/it\/wp-json\/wp\/v2\/users\/1"}],"replies":[{"embeddable":true,"href":"https:\/\/www.tantralife.com\/it\/wp-json\/wp\/v2\/comments?post=10304"}],"version-history":[{"count":2,"href":"https:\/\/www.tantralife.com\/it\/wp-json\/wp\/v2\/pages\/10304\/revisions"}],"predecessor-version":[{"id":10308,"href":"https:\/\/www.tantralife.com\/it\/wp-json\/wp\/v2\/pages\/10304\/revisions\/10308"}],"wp:attachment":[{"href":"https:\/\/www.tantralife.com\/it\/wp-json\/wp\/v2\/media?parent=10304"}],"curies":[{"name":"wp","href":"https:\/\/api.w.org\/{rel}","templated":true}]}}