{"id":2430,"date":"2020-01-20T11:45:25","date_gmt":"2020-01-20T10:45:25","guid":{"rendered":"http:\/\/welfare.cmsmasters.net\/?page_id=2430"},"modified":"2020-03-02T10:31:45","modified_gmt":"2020-03-02T09:31:45","slug":"faq","status":"publish","type":"page","link":"https:\/\/www.tantralife.com\/it\/faq\/","title":{"rendered":"FAQ"},"content":{"rendered":"<style type=\"text\/css\"> \n#cmsms_row_6a018347a9da39_70244649 .cmsms_row_outer_parent { \n\tpadding-top: 60px; \n} \n\n#cmsms_row_6a018347a9da39_70244649 .cmsms_row_outer_parent { \n\tpadding-bottom: 50px; \n} \n\n \n#cmsms_heading_6a018347a9e172_10741144 { \n\ttext-align:left; \n\tmargin-top:0px; \n\tmargin-bottom:40px; \n} \n\n#cmsms_heading_6a018347a9e172_10741144 .cmsms_heading { \n\ttext-align:left; \n} \n\n#cmsms_heading_6a018347a9e172_10741144 .cmsms_heading, #cmsms_heading_6a018347a9e172_10741144 .cmsms_heading a { \n\tfont-weight:600; \n\tfont-style:normal; \n\tcolor:#ac2544;\n} \n\n#cmsms_heading_6a018347a9e172_10741144 .cmsms_heading_divider { \n} \n\n \n#cmsms_row_6a018347a9e412_48565232 .cmsms_row_outer_parent { \n\tpadding-top: 15px; \n} \n\n#cmsms_row_6a018347a9e412_48565232 .cmsms_row_outer_parent { \n\tpadding-bottom: 50px; \n} \n\n \n#cmsms_row_6a018347aa1c29_16518955 { \n\tbackground-color:rgba(254,210,98,0.5);\n} \n\n#cmsms_row_6a018347aa1c29_16518955 .cmsms_row_outer_parent { \n\tpadding-top: 50px; \n} \n\n#cmsms_row_6a018347aa1c29_16518955 .cmsms_row_outer_parent { \n\tpadding-bottom: 30px; \n} \n\n \n#cmsms_heading_6a018347aa2317_70106685 { \n\ttext-align:left; \n\tmargin-top:0px; \n\tmargin-bottom:20px; \n} \n\n#cmsms_heading_6a018347aa2317_70106685 .cmsms_heading { \n\ttext-align:left; \n} \n\n#cmsms_heading_6a018347aa2317_70106685 .cmsms_heading, #cmsms_heading_6a018347aa2317_70106685 .cmsms_heading a { \n\tfont-family:'Poiret One'; \n\tfont-size:38px; \n\tline-height:48px; \n\tfont-weight:bold; \n\tfont-style:normal; \n\tcolor:#ac2544;\n} \n\n#cmsms_heading_6a018347aa2317_70106685 .cmsms_heading_divider { \n} \n\n\n#cmsms_button_6a018347aa27a0_63101573 { \n\ttext-align:center; \n} \n\n#cmsms_button_6a018347aa27a0_63101573 .cmsms_button:before { \n\tmargin-right:.5em; \n\tmargin-left:0; \n\tvertical-align:baseline; \n} \n\n#cmsms_button_6a018347aa27a0_63101573 .cmsms_button { \n\tfont-size:15px; \n\tline-height:40px; \n\tfont-weight:700; \n\tfont-style:normal; \n\tborder-style:solid; \n\tbackground-color:rgba(254,210,98,0);\n\tcolor:#ac2544;\n\tborder-color:#ac2544;\n} \n#cmsms_button_6a018347aa27a0_63101573 .cmsms_button:hover { \n\tbackground-color:#ac2544;\n\tcolor:#ffffff;\n\tborder-color:#ac2544;\n} \n<\/style><div id=\"cmsms_row_6a018347a9da39_70244649\" class=\"cmsms_row cmsms_color_scheme_default\">\n<div class=\"cmsms_row_outer_parent\">\n<div class=\"cmsms_row_outer\">\n<div class=\"cmsms_row_inner\">\n<div class=\"cmsms_row_margin\">\n<div class=\"cmsms_column one_first\">\n\n<div id=\"cmsms_heading_6a018347a9e172_10741144\" class=\"cmsms_heading_wrap cmsms_heading_align_left\">\n\t<h1 class=\"cmsms_heading\">FAQ &#8211; Frequently Asked Questions<\/h1>\n<\/div>\n<\/div>\n<\/div>\n<\/div>\n<\/div>\n<\/div>\n<\/div>\n<div id=\"cmsms_row_6a018347a9e412_48565232\" class=\"cmsms_row cmsms_color_scheme_default\">\n<div class=\"cmsms_row_outer_parent\">\n<div class=\"cmsms_row_outer\">\n<div class=\"cmsms_row_inner\">\n<div class=\"cmsms_row_margin\">\n<div class=\"cmsms_column one_first\">\n<div class=\"cmsms_toggles toggles_mode_toggle\">\n<div class=\"cmsms_toggle_wrap\" data-tags=\"all \">\n<div class=\"cmsms_toggle_title\">\n<span class=\"cmsms_toggle_plus\">\n<span class=\"cmsms_toggle_plus_hor\"><\/span>\n<span class=\"cmsms_toggle_plus_vert\"><\/span>\n<\/span>\n<a href=\"#\">Posso frequentare un corso Tantralife anche se sono single?<\/a>\n<\/div>\n<div class=\"cmsms_toggle\">\n<div class=\"cmsms_toggle_inner\">\n<p>S\u00ec, assolutamente. Tutti i corsi Tantralife sono aperti ai singles. L\u2019approccio Tantralife si\u00a0concentra sulla crescita personale individuale e sei invitato ad esplorare la tua energia sessuale anche se partecipi senza il tuo partner.<\/p>\n<\/div>\n<\/div>\n<\/div><div class=\"cmsms_toggle_wrap\" data-tags=\"all \">\n<div class=\"cmsms_toggle_title\">\n<span class=\"cmsms_toggle_plus\">\n<span class=\"cmsms_toggle_plus_hor\"><\/span>\n<span class=\"cmsms_toggle_plus_vert\"><\/span>\n<\/span>\n<a href=\"#\">\u00c8 possibile partecipare ai corsi Tantralife come coppia?<\/a>\n<\/div>\n<div class=\"cmsms_toggle\">\n<div class=\"cmsms_toggle_inner\">\n<p>Tutti i corsi Tantralife sono aperti alle coppie ad eccezione del Training e dell\u2019Intensivo. Il Training Tantralife \u00e8 un cammino individuale, che richiede dedizione totale, pertanto normalmente non \u00e8 raccomandato per le coppie. Partecipare come una coppia pone delle sfide perch\u00e9 inevitabilmente una parte di te sar\u00e0 dirottata verso il partner. Tieni presente che il Training Tantralife non \u00e8 progettato per lavorare direttamente sulle dinamiche di coppia. Per tutte queste ragioni non \u00e8 raccomandato partecipare come coppia, bens\u00ec frequentare il Training separatamente. In questo modo, il Training diventa un\u2019enorme opportunit\u00e0 per la crescita individuale che porter\u00e0 beneficio anche con il partner. In tutti gli altri corsi Tantralife, le coppie sono le benvenute.<\/p>\n<\/div>\n<\/div>\n<\/div><div class=\"cmsms_toggle_wrap\" data-tags=\"all \">\n<div class=\"cmsms_toggle_title\">\n<span class=\"cmsms_toggle_plus\">\n<span class=\"cmsms_toggle_plus_hor\"><\/span>\n<span class=\"cmsms_toggle_plus_vert\"><\/span>\n<\/span>\n<a href=\"#\">Otterr\u00f2 un certificato?<\/a>\n<\/div>\n<div class=\"cmsms_toggle\">\n<div class=\"cmsms_toggle_inner\">\n<p>Offriamo un certificato di partecipazione solo al completamento dell\u2019intero percorso che include il Training e un successivo periodo di tirocinio. Il certificato non autorizza all\u2019insegnamento del metodo Tantralife, ma dopo aver completato l\u2019intero percorso, disporrai sicuramente di una serie di utili strumenti se sei un operatore che gi\u00e0 lavora con le persone. Per maggiori informazioni sul tirocinio, contattaci all\u2019indirizzo <a href=\"mailto:info@trantralife.com\">info@trantralife.com<\/a>.<\/p>\n<\/div>\n<\/div>\n<\/div><div class=\"cmsms_toggle_wrap\" data-tags=\"all \">\n<div class=\"cmsms_toggle_title\">\n<span class=\"cmsms_toggle_plus\">\n<span class=\"cmsms_toggle_plus_hor\"><\/span>\n<span class=\"cmsms_toggle_plus_vert\"><\/span>\n<\/span>\n<a href=\"#\">Che tipo di esercizi si praticano durante un corso Tantralife?<\/a>\n<\/div>\n<div class=\"cmsms_toggle\">\n<div class=\"cmsms_toggle_inner\">\n<p>Il metodo Tantralife \u00e8 assolutamente unico ed \u00e8 stato progettato da Radha attingendo dalla sua estesa esperienza come meditatrice e insegnante di Tantra. Radha ha vissuto molti anni con Osho a Puna, che \u00e8 il principale centro di sviluppo umano nel mondo. Durante i corsi Tantralife, sperimenterai normalmente quanto segue:<br \/>\n\u25cf Antiche meditazioni tantriche<br \/>\n\u25cf Meditazioni Attive di Osho<br \/>\n\u25cf Tecniche di consapevolezza del corpo<br \/>\n\u25cf Esercizi di respirazione tantrica<br \/>\n\u25cf Tecniche bioenergetiche<br \/>\n\u25cf Movimenti del corpo e danza (da solo o con altri)<br \/>\n\u25cf Esercizi di contatto per esplorare i limiti<br \/>\n\u25cf Esercizi tantrici di sensibilit\u00e0 del corpo (da solo o con altri)<\/p>\n<\/div>\n<\/div>\n<\/div><div class=\"cmsms_toggle_wrap\" data-tags=\"all \">\n<div class=\"cmsms_toggle_title\">\n<span class=\"cmsms_toggle_plus\">\n<span class=\"cmsms_toggle_plus_hor\"><\/span>\n<span class=\"cmsms_toggle_plus_vert\"><\/span>\n<\/span>\n<a href=\"#\">Posso partecipare anche se non so meditare?<\/a>\n<\/div>\n<div class=\"cmsms_toggle\">\n<div class=\"cmsms_toggle_inner\">\n<p>S\u00ec, certo. Non hai bisogno di essere un meditatore esperto per goderti Tantralife. Il nostro staff \u00e8 l\u00ec per creare il giusto spazio dove la meditazione sia resa semplice per chiunque. Sii solamente aperto e pronto a ricevere.<\/p>\n<\/div>\n<\/div>\n<\/div><div class=\"cmsms_toggle_wrap\" data-tags=\"all \">\n<div class=\"cmsms_toggle_title\">\n<span class=\"cmsms_toggle_plus\">\n<span class=\"cmsms_toggle_plus_hor\"><\/span>\n<span class=\"cmsms_toggle_plus_vert\"><\/span>\n<\/span>\n<a href=\"#\">Com\u2019\u00e8 una giornata tipo?<\/a>\n<\/div>\n<div class=\"cmsms_toggle\">\n<div class=\"cmsms_toggle_inner\">\n<p>Ogni corso Tantralife \u00e8 attentamente progettato per aiutarti a staccare dall\u2019abituale mentalit\u00e0 del quotidiano e aiutarti a concentrare tutta la tua energia sulla tua crescita interiore. E\u2019 un esperimento per dirottare la tua energia dal mondo esterno al mondo interiore. Quindi il programma \u00e8 molto ben bilanciato ma pieno, integrando le parti attive con alcune pause per i pasti e per far riposare il tuo corpo.<\/p>\n<\/div>\n<\/div>\n<\/div><div class=\"cmsms_toggle_wrap\" data-tags=\"all \">\n<div class=\"cmsms_toggle_title\">\n<span class=\"cmsms_toggle_plus\">\n<span class=\"cmsms_toggle_plus_hor\"><\/span>\n<span class=\"cmsms_toggle_plus_vert\"><\/span>\n<\/span>\n<a href=\"#\">\u00c8 possibile lasciare il gruppo e dormire a casa durante i corsi residenziali?<\/a>\n<\/div>\n<div class=\"cmsms_toggle\">\n<div class=\"cmsms_toggle_inner\">\n<p>Suggeriamo vivamente di non lasciare il gruppo in qualsiasi momento. Creiamo un ambiente dove puoi condividere in sicurezza problemi intimi e lasciarteli alle spalle una volta per tutte. Passando il tempo insieme, meditando e praticando le tecniche Tantriche, si forma un\u2019energia di gruppo che aiuta a sciogliere blocchi energetici, emozionali e psicologici. Stiamo molto attenti a non interrompere questo processo di guarigione.<\/p>\n<\/div>\n<\/div>\n<\/div><div class=\"cmsms_toggle_wrap\" data-tags=\"all \">\n<div class=\"cmsms_toggle_title\">\n<span class=\"cmsms_toggle_plus\">\n<span class=\"cmsms_toggle_plus_hor\"><\/span>\n<span class=\"cmsms_toggle_plus_vert\"><\/span>\n<\/span>\n<a href=\"#\">Devo parlare dei miei problemi a tutti?<\/a>\n<\/div>\n<div class=\"cmsms_toggle\">\n<div class=\"cmsms_toggle_inner\">\n<p>No, non devi. Durante ogni corso Tantralife, non ti verr\u00e0 mai chiesto di fare nulla contro la tua volont\u00e0. Ad ogni modo, tieni a mente che sentirai naturalmente di voler alleggerire la mente da ci\u00f2 che ti tormenta, come conseguenza di un\u2019esperienza guaritrice.<\/p>\n<\/div>\n<\/div>\n<\/div><div class=\"cmsms_toggle_wrap\" data-tags=\"all \">\n<div class=\"cmsms_toggle_title\">\n<span class=\"cmsms_toggle_plus\">\n<span class=\"cmsms_toggle_plus_hor\"><\/span>\n<span class=\"cmsms_toggle_plus_vert\"><\/span>\n<\/span>\n<a href=\"#\">Ci sono sesso o contatti sessuali durante il corso?<\/a>\n<\/div>\n<div class=\"cmsms_toggle\">\n<div class=\"cmsms_toggle_inner\">\n<p>Non c\u2019\u00e8 sesso esplicito durante le sessioni. In alcuni esercizi, ci sar\u00e0 contatto fisico e farai esperienza di livelli di intimit\u00e0 molto profondi. Non ti verr\u00e0 mai chiesto di fare niente contro la tua volont\u00e0 ma nel tuo tempo libero ti troverai in un\u2019atmosfera di libert\u00e0.<\/p>\n<\/div>\n<\/div>\n<\/div><div class=\"cmsms_toggle_wrap\" data-tags=\"all \">\n<div class=\"cmsms_toggle_title\">\n<span class=\"cmsms_toggle_plus\">\n<span class=\"cmsms_toggle_plus_hor\"><\/span>\n<span class=\"cmsms_toggle_plus_vert\"><\/span>\n<\/span>\n<a href=\"#\">Devo spogliarmi?<\/a>\n<\/div>\n<div class=\"cmsms_toggle\">\n<div class=\"cmsms_toggle_inner\">\n<p>La nudit\u00e0 non \u00e8 obbligatoria in rispetto alle preferenze individuali.<br \/>\nAd ogni modo, Tantralife \u00e8 un cammino che ti offre l\u2019opportunit\u00e0 di andare oltre credenze auto-limitanti e esplorare il tuo corpo in modo naturale. Naturalmente ci\u00f2 accade gradualmente e segue la progressione dei corsi, dunque non c\u2019\u00e8 nudit\u00e0 nei corsi introduttivi.<\/p>\n<\/div>\n<\/div>\n<\/div><div class=\"cmsms_toggle_wrap\" data-tags=\"all \">\n<div class=\"cmsms_toggle_title\">\n<span class=\"cmsms_toggle_plus\">\n<span class=\"cmsms_toggle_plus_hor\"><\/span>\n<span class=\"cmsms_toggle_plus_vert\"><\/span>\n<\/span>\n<a href=\"#\">Un corso Tantralife mi aiuter\u00e0 a risolvere i miei problemi sessuali?<\/a>\n<\/div>\n<div class=\"cmsms_toggle\">\n<div class=\"cmsms_toggle_inner\">\n<p>Durante un corso Tantralife imparerai come rilassarti e goderti la tua energia sessuale senza paura o ansia. Molti problemi sessuali sono generati dalla mente e il Tantra e la meditazione possono aiutarti in questo.<br \/>\nSe hai specifiche patologie mediche di tipo sessuale, comunque, ti invitiamo a parlarne con il tuo dottore. Tantralife non \u00e8 una terapia medica.<\/p>\n<\/div>\n<\/div>\n<\/div><div class=\"cmsms_toggle_wrap\" data-tags=\"all \">\n<div class=\"cmsms_toggle_title\">\n<span class=\"cmsms_toggle_plus\">\n<span class=\"cmsms_toggle_plus_hor\"><\/span>\n<span class=\"cmsms_toggle_plus_vert\"><\/span>\n<\/span>\n<a href=\"#\">Posso partecipare a un corso Tantralife se sono gay?<\/a>\n<\/div>\n<div class=\"cmsms_toggle\">\n<div class=\"cmsms_toggle_inner\">\n<p>S\u00ec, certo che puoi, Tantralife \u00e8 aperto a tutti.<br \/>\nAd ogni modo, dovrai essere aperto ad esplorare l\u2019ignoto, il che significa che potresti trovarti ad esplorare felicemente il sesso opposto.<\/p>\n<\/div>\n<\/div>\n<\/div><\/div>\n<\/div>\n<\/div>\n<\/div>\n<\/div>\n<\/div>\n<\/div>\n<div id=\"cmsms_row_6a018347aa1c29_16518955\" class=\"cmsms_row cmsms_color_scheme_fifth\">\n<div class=\"cmsms_row_outer_parent\">\n<div class=\"cmsms_row_outer\">\n<div class=\"cmsms_row_inner\">\n<div class=\"cmsms_row_margin\">\n<div class=\"cmsms_column three_fourth\">\n\n<div id=\"cmsms_heading_6a018347aa2317_70106685\" class=\"cmsms_heading_wrap cmsms_heading_align_left\">\n\t<h1 class=\"cmsms_heading\">Non hai trovato risposta alla tua domanda?<\/h1>\n<\/div>\n<\/div>\n<div class=\"cmsms_column one_fourth\">\n\n<div id=\"cmsms_button_6a018347aa27a0_63101573\" class=\"button_wrap\"><a href=\"\/it\/contatti\/\" class=\"cmsms_button cmsms-icon-mail-alt\"><span>CONTATTACI<\/span><\/a><\/div>\n<\/div>\n<\/div>\n<\/div>\n<\/div>\n<\/div>\n<\/div>\n\n","protected":false},"excerpt":{"rendered":"","protected":false},"author":1,"featured_media":0,"parent":0,"menu_order":5,"comment_status":"closed","ping_status":"open","template":"","meta":{"footnotes":""},"class_list":["post-2430","page","type-page","status-publish","hentry"],"yoast_head":"<!-- This site is optimized with the Yoast SEO plugin v26.2 - https:\/\/yoast.com\/wordpress\/plugins\/seo\/ -->\n<title>FAQ: Frequently Asked Questions - Tantralife<\/title>\n<meta name=\"description\" content=\"Tutti i corsi Tantralife sono aperti ai singles e alle coppie. L\u2019approccio Tantralife si concentra sulla crescita personale individuale.\" \/>\n<meta name=\"robots\" content=\"index, follow, max-snippet:-1, max-image-preview:large, max-video-preview:-1\" \/>\n<link rel=\"canonical\" href=\"https:\/\/www.tantralife.com\/it\/faq\/\" \/>\n<meta property=\"og:locale\" content=\"it_IT\" \/>\n<meta property=\"og:type\" content=\"article\" \/>\n<meta property=\"og:title\" content=\"FAQ: Frequently Asked Questions - Tantralife\" \/>\n<meta property=\"og:description\" content=\"Tutti i corsi Tantralife sono aperti ai singles e alle coppie. L\u2019approccio Tantralife si concentra sulla crescita personale individuale.\" \/>\n<meta property=\"og:url\" content=\"https:\/\/www.tantralife.com\/it\/faq\/\" \/>\n<meta property=\"og:site_name\" content=\"Tantralife\" \/>\n<meta property=\"article:modified_time\" content=\"2020-03-02T09:31:45+00:00\" \/>\n<meta name=\"twitter:card\" content=\"summary_large_image\" \/>\n<meta name=\"twitter:label1\" content=\"Tempo di lettura stimato\" \/>\n\t<meta name=\"twitter:data1\" content=\"5 minuti\" \/>\n<script type=\"application\/ld+json\" class=\"yoast-schema-graph\">{\"@context\":\"https:\/\/schema.org\",\"@graph\":[{\"@type\":\"WebPage\",\"@id\":\"https:\/\/www.tantralife.com\/it\/faq\/\",\"url\":\"https:\/\/www.tantralife.com\/it\/faq\/\",\"name\":\"FAQ: Frequently Asked Questions - Tantralife\",\"isPartOf\":{\"@id\":\"https:\/\/www.tantralife.com\/it\/#website\"},\"datePublished\":\"2020-01-20T10:45:25+00:00\",\"dateModified\":\"2020-03-02T09:31:45+00:00\",\"description\":\"Tutti i corsi Tantralife sono aperti ai singles e alle coppie. L\u2019approccio Tantralife si concentra sulla crescita personale individuale.\",\"inLanguage\":\"it-IT\",\"potentialAction\":[{\"@type\":\"ReadAction\",\"target\":[\"https:\/\/www.tantralife.com\/it\/faq\/\"]}]},{\"@type\":\"WebSite\",\"@id\":\"https:\/\/www.tantralife.com\/it\/#website\",\"url\":\"https:\/\/www.tantralife.com\/it\/\",\"name\":\"Tantralife\",\"description\":\"conscious love natural life\",\"publisher\":{\"@id\":\"https:\/\/www.tantralife.com\/it\/#organization\"},\"potentialAction\":[{\"@type\":\"SearchAction\",\"target\":{\"@type\":\"EntryPoint\",\"urlTemplate\":\"https:\/\/www.tantralife.com\/it\/?s={search_term_string}\"},\"query-input\":{\"@type\":\"PropertyValueSpecification\",\"valueRequired\":true,\"valueName\":\"search_term_string\"}}],\"inLanguage\":\"it-IT\"},{\"@type\":\"Organization\",\"@id\":\"https:\/\/www.tantralife.com\/it\/#organization\",\"name\":\"Tantralife\",\"url\":\"https:\/\/www.tantralife.com\/it\/\",\"logo\":{\"@type\":\"ImageObject\",\"inLanguage\":\"it-IT\",\"@id\":\"https:\/\/www.tantralife.com\/it\/#\/schema\/logo\/image\/\",\"url\":\"https:\/\/www.tantralife.com\/wp-content\/uploads\/tantralife_red.png\",\"contentUrl\":\"https:\/\/www.tantralife.com\/wp-content\/uploads\/tantralife_red.png\",\"width\":270,\"height\":61,\"caption\":\"Tantralife\"},\"image\":{\"@id\":\"https:\/\/www.tantralife.com\/it\/#\/schema\/logo\/image\/\"}}]}<\/script>\n<!-- \/ Yoast SEO plugin. -->","yoast_head_json":{"title":"FAQ: Frequently Asked Questions - Tantralife","description":"Tutti i corsi Tantralife sono aperti ai singles e alle coppie. L\u2019approccio Tantralife si concentra sulla crescita personale individuale.","robots":{"index":"index","follow":"follow","max-snippet":"max-snippet:-1","max-image-preview":"max-image-preview:large","max-video-preview":"max-video-preview:-1"},"canonical":"https:\/\/www.tantralife.com\/it\/faq\/","og_locale":"it_IT","og_type":"article","og_title":"FAQ: Frequently Asked Questions - Tantralife","og_description":"Tutti i corsi Tantralife sono aperti ai singles e alle coppie. L\u2019approccio Tantralife si concentra sulla crescita personale individuale.","og_url":"https:\/\/www.tantralife.com\/it\/faq\/","og_site_name":"Tantralife","article_modified_time":"2020-03-02T09:31:45+00:00","twitter_card":"summary_large_image","twitter_misc":{"Tempo di lettura stimato":"5 minuti"},"schema":{"@context":"https:\/\/schema.org","@graph":[{"@type":"WebPage","@id":"https:\/\/www.tantralife.com\/it\/faq\/","url":"https:\/\/www.tantralife.com\/it\/faq\/","name":"FAQ: Frequently Asked Questions - Tantralife","isPartOf":{"@id":"https:\/\/www.tantralife.com\/it\/#website"},"datePublished":"2020-01-20T10:45:25+00:00","dateModified":"2020-03-02T09:31:45+00:00","description":"Tutti i corsi Tantralife sono aperti ai singles e alle coppie. L\u2019approccio Tantralife si concentra sulla crescita personale individuale.","inLanguage":"it-IT","potentialAction":[{"@type":"ReadAction","target":["https:\/\/www.tantralife.com\/it\/faq\/"]}]},{"@type":"WebSite","@id":"https:\/\/www.tantralife.com\/it\/#website","url":"https:\/\/www.tantralife.com\/it\/","name":"Tantralife","description":"conscious love natural life","publisher":{"@id":"https:\/\/www.tantralife.com\/it\/#organization"},"potentialAction":[{"@type":"SearchAction","target":{"@type":"EntryPoint","urlTemplate":"https:\/\/www.tantralife.com\/it\/?s={search_term_string}"},"query-input":{"@type":"PropertyValueSpecification","valueRequired":true,"valueName":"search_term_string"}}],"inLanguage":"it-IT"},{"@type":"Organization","@id":"https:\/\/www.tantralife.com\/it\/#organization","name":"Tantralife","url":"https:\/\/www.tantralife.com\/it\/","logo":{"@type":"ImageObject","inLanguage":"it-IT","@id":"https:\/\/www.tantralife.com\/it\/#\/schema\/logo\/image\/","url":"https:\/\/www.tantralife.com\/wp-content\/uploads\/tantralife_red.png","contentUrl":"https:\/\/www.tantralife.com\/wp-content\/uploads\/tantralife_red.png","width":270,"height":61,"caption":"Tantralife"},"image":{"@id":"https:\/\/www.tantralife.com\/it\/#\/schema\/logo\/image\/"}}]}},"_links":{"self":[{"href":"https:\/\/www.tantralife.com\/it\/wp-json\/wp\/v2\/pages\/2430","targetHints":{"allow":["GET"]}}],"collection":[{"href":"https:\/\/www.tantralife.com\/it\/wp-json\/wp\/v2\/pages"}],"about":[{"href":"https:\/\/www.tantralife.com\/it\/wp-json\/wp\/v2\/types\/page"}],"author":[{"embeddable":true,"href":"https:\/\/www.tantralife.com\/it\/wp-json\/wp\/v2\/users\/1"}],"replies":[{"embeddable":true,"href":"https:\/\/www.tantralife.com\/it\/wp-json\/wp\/v2\/comments?post=2430"}],"version-history":[{"count":16,"href":"https:\/\/www.tantralife.com\/it\/wp-json\/wp\/v2\/pages\/2430\/revisions"}],"predecessor-version":[{"id":8532,"href":"https:\/\/www.tantralife.com\/it\/wp-json\/wp\/v2\/pages\/2430\/revisions\/8532"}],"wp:attachment":[{"href":"https:\/\/www.tantralife.com\/it\/wp-json\/wp\/v2\/media?parent=2430"}],"curies":[{"name":"wp","href":"https:\/\/api.w.org\/{rel}","templated":true}]}}