{"id":4952,"date":"2020-01-21T14:09:17","date_gmt":"2020-01-21T13:09:17","guid":{"rendered":"http:\/\/yoga-fit.cmsmasters.net\/?page_id=4952"},"modified":"2025-06-13T15:35:07","modified_gmt":"2025-06-13T13:35:07","slug":"contatti","status":"publish","type":"page","link":"https:\/\/www.tantralife.com\/it\/contatti\/","title":{"rendered":"Contatti"},"content":{"rendered":"<style type=\"text\/css\"> \n#cmsms_row_6a01833abcd414_79344884 .cmsms_row_outer_parent { \n\tpadding-top: 60px; \n} \n\n#cmsms_row_6a01833abcd414_79344884 .cmsms_row_outer_parent { \n\tpadding-bottom: 0px; \n} \n\n \n#cmsms_heading_6a01833abce1e9_37353055 { \n\ttext-align:left; \n\tmargin-top:0px; \n\tmargin-bottom:40px; \n} \n\n#cmsms_heading_6a01833abce1e9_37353055 .cmsms_heading { \n\ttext-align:left; \n} \n\n#cmsms_heading_6a01833abce1e9_37353055 .cmsms_heading, #cmsms_heading_6a01833abce1e9_37353055 .cmsms_heading a { \n\tfont-weight:600; \n\tfont-style:normal; \n\tcolor:#ac2544;\n} \n\n#cmsms_heading_6a01833abce1e9_37353055 .cmsms_heading_divider { \n} \n\n \n#cmsms_row_6a01833abce5d3_20849571 .cmsms_row_outer_parent { \n\tpadding-top: 20px; \n} \n\n#cmsms_row_6a01833abce5d3_20849571 .cmsms_row_outer_parent { \n\tpadding-bottom: 50px; \n} \n\n #cmsms_icon_list_items_6a01833abdc825_95560058 { \n\tpadding-left:45px; \n} \n\n#cmsms_icon_list_items_6a01833abdc825_95560058 .cmsms_icon_list_item:before { \n\tfont-size:25px; \n\tleft:-45px; \n} \n#cmsms_icon_list_items_6a01833abdc825_95560058 .cmsms_icon_list_item { \n\tline-height:35px; \n\tpadding:0; \n} \n\n#cmsms_icon_list_items_6a01833abdc825_95560058 .cmsms_icon_list_item:before { \n\tline-height:35px; \n\ttop:0; \n} \n\n.cmsms_icon_list_items #cmsms_icon_list_item_6a01833abdd161_73935379:before { \n\tcolor:#ac2544;\n} \n\n.cmsms_icon_list_items #cmsms_icon_list_item_6a01833abdd635_08046336:before { \n\tcolor:#ac2544;\n} \n\n.cmsms_icon_list_items #cmsms_icon_list_item_6a01833abdda76_37749317:before { \n\tcolor:#ac2544;\n} \n<\/style><div id=\"cmsms_row_6a01833abcd414_79344884\" class=\"cmsms_row cmsms_color_scheme_default\">\n<div class=\"cmsms_row_outer_parent\">\n<div class=\"cmsms_row_outer\">\n<div class=\"cmsms_row_inner\">\n<div class=\"cmsms_row_margin\">\n<div class=\"cmsms_column one_first\">\n\n<div id=\"cmsms_heading_6a01833abce1e9_37353055\" class=\"cmsms_heading_wrap cmsms_heading_align_left\">\n\t<h1 class=\"cmsms_heading\">Contatti<\/h1>\n<\/div>\n<\/div>\n<\/div>\n<\/div>\n<\/div>\n<\/div>\n<\/div>\n<div id=\"cmsms_row_6a01833abce5d3_20849571\" class=\"cmsms_row cmsms_color_scheme_default\">\n<div class=\"cmsms_row_outer_parent\">\n<div class=\"cmsms_row_outer\">\n<div class=\"cmsms_row_inner\">\n<div class=\"cmsms_row_margin\">\n<div class=\"cmsms_column two_third\">\n<div class=\"cmsms_contact_form\">\n<div class=\"wpcf7 no-js\" id=\"wpcf7-f7674-o1\" lang=\"it-IT\" dir=\"ltr\" data-wpcf7-id=\"7674\">\n<div class=\"screen-reader-response\"><p role=\"status\" aria-live=\"polite\" aria-atomic=\"true\"><\/p> <ul><\/ul><\/div>\n<form action=\"\/it\/wp-json\/wp\/v2\/pages\/4952#wpcf7-f7674-o1\" method=\"post\" class=\"wpcf7-form init wpcf7-acceptance-as-validation\" aria-label=\"Modulo di contatto\" novalidate=\"novalidate\" data-status=\"init\">\n<fieldset class=\"hidden-fields-container\"><input type=\"hidden\" name=\"_wpcf7\" value=\"7674\" \/><input type=\"hidden\" name=\"_wpcf7_version\" value=\"6.1.3\" \/><input type=\"hidden\" name=\"_wpcf7_locale\" value=\"it_IT\" \/><input type=\"hidden\" name=\"_wpcf7_unit_tag\" value=\"wpcf7-f7674-o1\" \/><input type=\"hidden\" name=\"_wpcf7_container_post\" value=\"0\" \/><input type=\"hidden\" name=\"_wpcf7_posted_data_hash\" value=\"\" \/><input type=\"hidden\" name=\"_wpcf7_recaptcha_response\" value=\"\" \/>\n<\/fieldset>\n<div class=\"cmsms_column two_fifth mbot20\">\n\t<p><span class=\"wpcf7-form-control-wrap\" data-name=\"nome\"><input size=\"40\" maxlength=\"400\" class=\"wpcf7-form-control wpcf7-text wpcf7-validates-as-required\" aria-required=\"true\" aria-invalid=\"false\" placeholder=\"Nome\" value=\"\" type=\"text\" name=\"nome\" \/><\/span>\n\t<\/p>\n<\/div>\n<div class=\"cmsms_column two_fifth mbot20\">\n\t<p><span class=\"wpcf7-form-control-wrap\" data-name=\"cognome\"><input size=\"40\" maxlength=\"400\" class=\"wpcf7-form-control wpcf7-text wpcf7-validates-as-required\" aria-required=\"true\" aria-invalid=\"false\" placeholder=\"Cognome\" value=\"\" type=\"text\" name=\"cognome\" \/><\/span>\n\t<\/p>\n<\/div>\n<div class=\"cmsms_column one_fifth mbot20\">\n\t<p><span class=\"wpcf7-form-control-wrap\" data-name=\"eta\"><input size=\"40\" maxlength=\"400\" class=\"wpcf7-form-control wpcf7-text wpcf7-validates-as-required\" aria-required=\"true\" aria-invalid=\"false\" placeholder=\"Et\u00e0\" value=\"\" type=\"text\" name=\"eta\" \/><\/span>\n\t<\/p>\n<\/div>\n<div class=\"cmsms_column one_third mbot20\">\n\t<p><span class=\"wpcf7-form-control-wrap\" data-name=\"citta\"><input size=\"40\" maxlength=\"400\" class=\"wpcf7-form-control wpcf7-text wpcf7-validates-as-required\" aria-required=\"true\" aria-invalid=\"false\" placeholder=\"Citt\u00e0\" value=\"\" type=\"text\" name=\"citta\" \/><\/span>\n\t<\/p>\n<\/div>\n<div class=\"cmsms_column one_third mbot20\">\n\t<p><span class=\"wpcf7-form-control-wrap\" data-name=\"mail\"><input size=\"40\" maxlength=\"400\" class=\"wpcf7-form-control wpcf7-email wpcf7-validates-as-required wpcf7-text wpcf7-validates-as-email\" aria-required=\"true\" aria-invalid=\"false\" placeholder=\"Email\" value=\"\" type=\"email\" name=\"mail\" \/><\/span>\n\t<\/p>\n<\/div>\n<div class=\"cmsms_column one_third mbot20\">\n\t<p><span class=\"wpcf7-form-control-wrap\" data-name=\"telefono\"><input size=\"40\" maxlength=\"400\" class=\"wpcf7-form-control wpcf7-text wpcf7-validates-as-required\" aria-required=\"true\" aria-invalid=\"false\" placeholder=\"Telefono\" value=\"\" type=\"text\" name=\"telefono\" \/><\/span>\n\t<\/p>\n<\/div>\n<div class=\"cmsms_column one_first mbot20\">\n\t<p><span class=\"wpcf7-form-control-wrap\" data-name=\"messaggio\"><textarea cols=\"40\" rows=\"10\" maxlength=\"2000\" class=\"wpcf7-form-control wpcf7-textarea\" aria-invalid=\"false\" placeholder=\"Scrivi qui il tuo messaggio...\" name=\"messaggio\"><\/textarea><\/span>\n\t<\/p>\n<\/div>\n<div class=\"cmsms_column one_first mbot20\" style=\"font-size:14px; line-height:18px;\">\n\t<p>Ai sensi del GDPR (Regolamento Europeo sulla protezione dei dati personali), ti informiamo che i dati forniti all\u2019atto dell\u2019iscrizione al servizio di \u201cnewsletter\u201d verranno utilizzati unicamente ai fini dell\u2019invio della newsletter Tantralife. Tali indirizzi non saranno comunicati in alcun modo a terzi od utilizzati per altri scopi. Sar\u00e0 comunque possibile revocare in ogni momento la propria iscrizione attraverso l\u2019apposito link contenuto in ogni newsletter, oppure mediante richiesta scritta all\u2019indirizzo info@tantralife.com\n\t<\/p>\n<\/div>\n<div class=\"cmsms_column one_first mbot20\">\n\t<p><span class=\"wpcf7-form-control-wrap\" data-name=\"newsletter\"><span class=\"wpcf7-form-control wpcf7-checkbox\"><span class=\"wpcf7-list-item first last\"><input type=\"checkbox\" name=\"newsletter[]\" value=\"Desidero iscrivermi alla newsletter\" \/><span class=\"wpcf7-list-item-label\">Desidero iscrivermi alla newsletter<\/span><\/span><\/span><\/span> &nbsp;<span style=\"color:#cccccc;\">(opzionale)<\/span>\n\t<\/p>\n<\/div>\n<div class=\"cmsms_column one_first mbot20\" style=\"font-size:14px; line-height:18px;\">\n\t<p>La informiamo che i dati da lei conferiti saranno trattati con mezzi informatici nel rispetto dei principi stabiliti dalla normativa vigente in materia di protezione di dati (Regolamento UE n. 679 del 2016) al solo fine di fornirle le informazioni richieste, ed eventualmente per definire\/confermare la prenotazione del corso\/evento. L\u2019informativa completa sulle modalit\u00e0 e finalit\u00e0 dei trattamenti effettuati \u00e8 contenuta nella pagina Privacy Policy. Potr\u00e0 comunque successivamente, in ogni momento, chiedere la cancellazione dei suoi dati. Si ricorda inoltre che per esprimere il consenso al trattamento dei dati personali \u00e8 necessario aver compiuto 18 anni.\n\t<\/p>\n<\/div>\n<div class=\"cmsms_column one_first\" style=\"margin-top:10px;\">\n\t<p><span class=\"wpcf7-form-control-wrap\" data-name=\"privacy\"><span class=\"wpcf7-form-control wpcf7-checkbox wpcf7-validates-as-required\"><span class=\"wpcf7-list-item first last\"><input type=\"checkbox\" name=\"privacy[]\" value=\"Prendo atto dell&#039;informativa sopra riportata\" \/><span class=\"wpcf7-list-item-label\">Prendo atto dell&#039;informativa sopra riportata<\/span><\/span><\/span><\/span> &nbsp;<span style=\"color:#cccccc;\">(obbligatorio)<\/span>\n\t<\/p>\n<\/div>\n<div class=\"cmsms_column one_first\">\n\t<p>&nbsp;\n\t<\/p>\n<\/div>\n<div class=\"cmsms_column one_first\">\n\t<p><span class=\"wpcf7-form-control-wrap\" data-name=\"cmplz-acceptance\"><span class=\"wpcf7-form-control wpcf7-acceptance\"><span class=\"wpcf7-list-item\"><label><input type=\"checkbox\" name=\"cmplz-acceptance\" value=\"1\" aria-invalid=\"false\" \/><span class=\"wpcf7-list-item-label\">Per inviare questo modulo, devi accettare la nostra <a href=\"#?cmplz_region_redirect=true\">Dichiarazione sulla Privacy<\/a><\/span><\/label><\/span><\/span><\/span>\n\t<\/p>\n\t<p><input class=\"wpcf7-form-control wpcf7-submit has-spinner\" type=\"submit\" value=\"Invia\" \/>\n\t<\/p>\n<\/div><input type='hidden' class='wpcf7-pum' value='{\"closepopup\":false,\"closedelay\":0,\"openpopup\":false,\"openpopup_id\":0}' \/><div class=\"wpcf7-response-output\" aria-hidden=\"true\"><\/div>\n<\/form>\n<\/div>\n<\/div>\n<\/div>\n<div class=\"cmsms_column one_third\">\n \n<ul id=\"cmsms_icon_list_items_6a01833abdc825_95560058\" class=\"cmsms_icon_list_items cmsms_icon_list_type_list cmsms_icon_list_pos_left cmsms_color_type_border\"><li id=\"cmsms_icon_list_item_6a01833abdd161_73935379\" class=\"cmsms_icon_list_item cmsms-icon-envelope-empty\">info@tantralife.com<\/li><li id=\"cmsms_icon_list_item_6a01833abdd635_08046336\" class=\"cmsms_icon_list_item cmsms-icon-phone-alt\">(+39) 342 168 55 84<\/li><li id=\"cmsms_icon_list_item_6a01833abdda76_37749317\" class=\"cmsms_icon_list_item cmsms-icon-time\">Lun - Ven h 9.30 - 13.30<\/li><\/ul>\n<\/div>\n<\/div>\n<\/div>\n<\/div>\n<\/div>\n<\/div>\n\n","protected":false},"excerpt":{"rendered":"","protected":false},"author":1,"featured_media":0,"parent":0,"menu_order":7,"comment_status":"closed","ping_status":"open","template":"","meta":{"footnotes":""},"class_list":["post-4952","page","type-page","status-publish","hentry"],"yoast_head":"<!-- This site is optimized with the Yoast SEO plugin v26.2 - https:\/\/yoast.com\/wordpress\/plugins\/seo\/ -->\n<title>Contatti - Tantralife<\/title>\n<meta name=\"robots\" content=\"index, follow, max-snippet:-1, max-image-preview:large, max-video-preview:-1\" \/>\n<link rel=\"canonical\" href=\"https:\/\/www.tantralife.com\/it\/contatti\/\" \/>\n<meta property=\"og:locale\" content=\"it_IT\" \/>\n<meta property=\"og:type\" content=\"article\" \/>\n<meta property=\"og:title\" content=\"Contatti - Tantralife\" \/>\n<meta property=\"og:url\" content=\"https:\/\/www.tantralife.com\/it\/contatti\/\" \/>\n<meta property=\"og:site_name\" content=\"Tantralife\" \/>\n<meta property=\"article:modified_time\" content=\"2025-06-13T13:35:07+00:00\" \/>\n<meta name=\"twitter:card\" content=\"summary_large_image\" \/>\n<meta name=\"twitter:label1\" content=\"Tempo di lettura stimato\" \/>\n\t<meta name=\"twitter:data1\" content=\"1 minuto\" \/>\n<script type=\"application\/ld+json\" class=\"yoast-schema-graph\">{\"@context\":\"https:\/\/schema.org\",\"@graph\":[{\"@type\":\"WebPage\",\"@id\":\"https:\/\/www.tantralife.com\/it\/contatti\/\",\"url\":\"https:\/\/www.tantralife.com\/it\/contatti\/\",\"name\":\"Contatti - Tantralife\",\"isPartOf\":{\"@id\":\"https:\/\/www.tantralife.com\/it\/#website\"},\"datePublished\":\"2020-01-21T13:09:17+00:00\",\"dateModified\":\"2025-06-13T13:35:07+00:00\",\"inLanguage\":\"it-IT\",\"potentialAction\":[{\"@type\":\"ReadAction\",\"target\":[\"https:\/\/www.tantralife.com\/it\/contatti\/\"]}]},{\"@type\":\"WebSite\",\"@id\":\"https:\/\/www.tantralife.com\/it\/#website\",\"url\":\"https:\/\/www.tantralife.com\/it\/\",\"name\":\"Tantralife\",\"description\":\"conscious love natural life\",\"publisher\":{\"@id\":\"https:\/\/www.tantralife.com\/it\/#organization\"},\"potentialAction\":[{\"@type\":\"SearchAction\",\"target\":{\"@type\":\"EntryPoint\",\"urlTemplate\":\"https:\/\/www.tantralife.com\/it\/?s={search_term_string}\"},\"query-input\":{\"@type\":\"PropertyValueSpecification\",\"valueRequired\":true,\"valueName\":\"search_term_string\"}}],\"inLanguage\":\"it-IT\"},{\"@type\":\"Organization\",\"@id\":\"https:\/\/www.tantralife.com\/it\/#organization\",\"name\":\"Tantralife\",\"url\":\"https:\/\/www.tantralife.com\/it\/\",\"logo\":{\"@type\":\"ImageObject\",\"inLanguage\":\"it-IT\",\"@id\":\"https:\/\/www.tantralife.com\/it\/#\/schema\/logo\/image\/\",\"url\":\"https:\/\/www.tantralife.com\/wp-content\/uploads\/tantralife_red.png\",\"contentUrl\":\"https:\/\/www.tantralife.com\/wp-content\/uploads\/tantralife_red.png\",\"width\":270,\"height\":61,\"caption\":\"Tantralife\"},\"image\":{\"@id\":\"https:\/\/www.tantralife.com\/it\/#\/schema\/logo\/image\/\"}}]}<\/script>\n<!-- \/ Yoast SEO plugin. -->","yoast_head_json":{"title":"Contatti - Tantralife","robots":{"index":"index","follow":"follow","max-snippet":"max-snippet:-1","max-image-preview":"max-image-preview:large","max-video-preview":"max-video-preview:-1"},"canonical":"https:\/\/www.tantralife.com\/it\/contatti\/","og_locale":"it_IT","og_type":"article","og_title":"Contatti - Tantralife","og_url":"https:\/\/www.tantralife.com\/it\/contatti\/","og_site_name":"Tantralife","article_modified_time":"2025-06-13T13:35:07+00:00","twitter_card":"summary_large_image","twitter_misc":{"Tempo di lettura stimato":"1 minuto"},"schema":{"@context":"https:\/\/schema.org","@graph":[{"@type":"WebPage","@id":"https:\/\/www.tantralife.com\/it\/contatti\/","url":"https:\/\/www.tantralife.com\/it\/contatti\/","name":"Contatti - Tantralife","isPartOf":{"@id":"https:\/\/www.tantralife.com\/it\/#website"},"datePublished":"2020-01-21T13:09:17+00:00","dateModified":"2025-06-13T13:35:07+00:00","inLanguage":"it-IT","potentialAction":[{"@type":"ReadAction","target":["https:\/\/www.tantralife.com\/it\/contatti\/"]}]},{"@type":"WebSite","@id":"https:\/\/www.tantralife.com\/it\/#website","url":"https:\/\/www.tantralife.com\/it\/","name":"Tantralife","description":"conscious love natural life","publisher":{"@id":"https:\/\/www.tantralife.com\/it\/#organization"},"potentialAction":[{"@type":"SearchAction","target":{"@type":"EntryPoint","urlTemplate":"https:\/\/www.tantralife.com\/it\/?s={search_term_string}"},"query-input":{"@type":"PropertyValueSpecification","valueRequired":true,"valueName":"search_term_string"}}],"inLanguage":"it-IT"},{"@type":"Organization","@id":"https:\/\/www.tantralife.com\/it\/#organization","name":"Tantralife","url":"https:\/\/www.tantralife.com\/it\/","logo":{"@type":"ImageObject","inLanguage":"it-IT","@id":"https:\/\/www.tantralife.com\/it\/#\/schema\/logo\/image\/","url":"https:\/\/www.tantralife.com\/wp-content\/uploads\/tantralife_red.png","contentUrl":"https:\/\/www.tantralife.com\/wp-content\/uploads\/tantralife_red.png","width":270,"height":61,"caption":"Tantralife"},"image":{"@id":"https:\/\/www.tantralife.com\/it\/#\/schema\/logo\/image\/"}}]}},"_links":{"self":[{"href":"https:\/\/www.tantralife.com\/it\/wp-json\/wp\/v2\/pages\/4952","targetHints":{"allow":["GET"]}}],"collection":[{"href":"https:\/\/www.tantralife.com\/it\/wp-json\/wp\/v2\/pages"}],"about":[{"href":"https:\/\/www.tantralife.com\/it\/wp-json\/wp\/v2\/types\/page"}],"author":[{"embeddable":true,"href":"https:\/\/www.tantralife.com\/it\/wp-json\/wp\/v2\/users\/1"}],"replies":[{"embeddable":true,"href":"https:\/\/www.tantralife.com\/it\/wp-json\/wp\/v2\/comments?post=4952"}],"version-history":[{"count":27,"href":"https:\/\/www.tantralife.com\/it\/wp-json\/wp\/v2\/pages\/4952\/revisions"}],"predecessor-version":[{"id":11909,"href":"https:\/\/www.tantralife.com\/it\/wp-json\/wp\/v2\/pages\/4952\/revisions\/11909"}],"wp:attachment":[{"href":"https:\/\/www.tantralife.com\/it\/wp-json\/wp\/v2\/media?parent=4952"}],"curies":[{"name":"wp","href":"https:\/\/api.w.org\/{rel}","templated":true}]}}