{"id":7414,"date":"2020-01-15T14:04:05","date_gmt":"2020-01-15T13:04:05","guid":{"rendered":"https:\/\/www.tantralife.com\/?page_id=7414"},"modified":"2025-10-30T08:57:56","modified_gmt":"2025-10-30T07:57:56","slug":"tantralife-viaggio-di-risveglio","status":"publish","type":"page","link":"https:\/\/www.tantralife.com\/it\/tantralife-academy\/tantralife-viaggio-di-risveglio\/","title":{"rendered":"Tantralife Viaggio di Risveglio"},"content":{"rendered":"<style type=\"text\/css\"> \n#cmsms_row_6a018347c2ee84_77324374 .cmsms_row_outer_parent { \n\tpadding-top: 60px; \n} \n\n#cmsms_row_6a018347c2ee84_77324374 .cmsms_row_outer_parent { \n\tpadding-bottom: 50px; \n} \n\n \n#cmsms_heading_6a018347c2fc14_87274085 { \n\ttext-align:left; \n\tmargin-top:0px; \n\tmargin-bottom:40px; \n} \n\n#cmsms_heading_6a018347c2fc14_87274085 .cmsms_heading { \n\ttext-align:left; \n} \n\n#cmsms_heading_6a018347c2fc14_87274085 .cmsms_heading, #cmsms_heading_6a018347c2fc14_87274085 .cmsms_heading a { \n\tfont-weight:600; \n\tfont-style:normal; \n\tcolor:#ac2544;\n} \n\n#cmsms_heading_6a018347c2fc14_87274085 .cmsms_heading_divider { \n} \n\n \n#cmsms_divider_6a018347c303b6_63345551 { \n\tborder-bottom-width:0px; \n\tborder-bottom-style:solid; \n\tpadding-top:10px; \n\tmargin-bottom:10px; \n} \n \n#cmsms_row_6a018347c30597_31330546 .cmsms_row_outer_parent { \n\tpadding-bottom: 30px; \n} \n\n \n#cmsms_row_6a018347c31269_98158862 .cmsms_row_outer_parent { \n\tpadding-top: 0px; \n} \n\n#cmsms_row_6a018347c31269_98158862 .cmsms_row_outer_parent { \n\tpadding-bottom: 50px; \n} \n\n \n#cmsms_icon_box_6a018347c31f45_29231875 { \n\tborder-width:1px; \n\t-webkit-border-radius:7px; \n\tborder-radius:7px; \n\tbackground-color:#ffffff;\n} \n\n#cmsms_icon_box_6a018347c31f45_29231875:before, \n#cmsms_icon_box_6a018347c31f45_29231875 .icon_box_heading:before { \n\tfont-size:20px; \n\tline-height:50px; \n\twidth:50px; \n\theight:50px; \n\tborder-width:0px; \n\t-webkit-border-radius:50%; \n\tborder-radius:50%; \n\tcolor:#ffffff;\n\tbackground-color:#6592d7;\n} \n\n#cmsms_icon_box_6a018347c31f45_29231875.cmsms_icon_heading_left, \n#cmsms_icon_box_6a018347c31f45_29231875.cmsms_icon_top, \n#cmsms_icon_box_6a018347c31f45_29231875.cmsms_icon_box_left_top { \n\tpadding:30px 20px; } \n\n#cmsms_icon_box_6a018347c31f45_29231875.cmsms_icon_top:before { \n\ttop:30px;} \n\n \n#cmsms_row_6a018347c32470_37627923 .cmsms_row_outer_parent { \n\tpadding-top: 0px; \n} \n\n#cmsms_row_6a018347c32470_37627923 .cmsms_row_outer_parent { \n\tpadding-bottom: 50px; \n} \n\n \n#cmsms_row_6a018347c32f06_92056682 { \n\tbackground-color:rgba(254,210,98,0.5);\n} \n\n#cmsms_row_6a018347c32f06_92056682 .cmsms_row_outer_parent { \n\tpadding-top: 50px; \n} \n\n#cmsms_row_6a018347c32f06_92056682 .cmsms_row_outer_parent { \n\tpadding-bottom: 30px; \n} \n\n \n#cmsms_heading_6a018347c333f1_15838950 { \n\ttext-align:left; \n\tmargin-top:0px; \n\tmargin-bottom:20px; \n} \n\n#cmsms_heading_6a018347c333f1_15838950 .cmsms_heading { \n\ttext-align:left; \n} \n\n#cmsms_heading_6a018347c333f1_15838950 .cmsms_heading, #cmsms_heading_6a018347c333f1_15838950 .cmsms_heading a { \n\tfont-family:'Poiret One'; \n\tfont-size:38px; \n\tline-height:48px; \n\tfont-weight:bold; \n\tfont-style:normal; \n\tcolor:#ac2544;\n} \n\n#cmsms_heading_6a018347c333f1_15838950 .cmsms_heading_divider { \n} \n\n\n#cmsms_button_6a018347c33883_10117864 { \n\ttext-align:center; \n} \n\n#cmsms_button_6a018347c33883_10117864 .cmsms_button:before { \n\tmargin-right:.5em; \n\tmargin-left:0; \n\tvertical-align:baseline; \n} \n\n#cmsms_button_6a018347c33883_10117864 .cmsms_button { \n\tfont-size:15px; \n\tline-height:40px; \n\tfont-weight:700; \n\tfont-style:normal; \n\tborder-style:solid; \n\tbackground-color:rgba(254,210,98,0);\n\tcolor:#ac2544;\n\tborder-color:#ac2544;\n} \n#cmsms_button_6a018347c33883_10117864 .cmsms_button:hover { \n\tbackground-color:#ac2544;\n\tcolor:#ffffff;\n\tborder-color:#ac2544;\n} \n<\/style><div id=\"cmsms_row_6a018347c2ee84_77324374\" class=\"cmsms_row cmsms_color_scheme_default\">\n<div class=\"cmsms_row_outer_parent\">\n<div class=\"cmsms_row_outer\">\n<div class=\"cmsms_row_inner\">\n<div class=\"cmsms_row_margin\">\n<div class=\"cmsms_column one_first\">\n\n<div id=\"cmsms_heading_6a018347c2fc14_87274085\" class=\"cmsms_heading_wrap cmsms_heading_align_left\">\n\t<h1 class=\"cmsms_heading\">Tantralife Viaggio di Risveglio 2026<\/h1>\n<\/div><div id=\"cmsms_notice_6a018347c2ff44_80605756\" class=\"cmsms_notice cmsms_notice_warning cmsms-icon-calendar\" data-animation=\"fadeInLeft\" data-delay=\"300\">\n<a href=\"#\" class=\"notice_close cmsms_theme_icon_cancel\"><\/a><div class=\"notice_content\">\n<div style=\"padding: 0 20px;\">\n<h2>Tantralife Viaggio di Risveglio 2026 in Toscana<\/h2>\n<p style=\"color: #3a4259;\">con Radha C. Luglio, Tarisha C. Castaldo e la collaborazione di Prem Agostino<\/p>\n<ul>\n<li><strong>PRIMAVERA<\/strong>: 28 aprile &#8211; 3 maggio 2026<\/li>\n<li><strong>ESTATE<\/strong>: 22-29 agosto 2026<\/li>\n<li><strong>AUTUNNO<\/strong>: 31 ottobre &#8211; 5 novembre 2026<\/li>\n<li><strong>INVERNO<\/strong>: 29 dicembre &#8211; 3 gennaio 2027<\/li>\n<\/ul>\n<\/div>\n<\/div>\n<\/div>\n\n<div id=\"cmsms_divider_6a018347c303b6_63345551\" class=\"cl\"><\/div>\n<\/div>\n<\/div>\n<\/div>\n<\/div>\n<\/div>\n<\/div>\n<div id=\"cmsms_row_6a018347c30597_31330546\" class=\"cmsms_row cmsms_color_scheme_default\">\n<div class=\"cmsms_row_outer_parent\">\n<div class=\"cmsms_row_outer\">\n<div class=\"cmsms_row_inner\">\n<div class=\"cmsms_row_margin\">\n<div class=\"cmsms_column one_first\">\n<div class=\"cmsms_text\">\n<div class=\"n4sEPd\">\n<div class=\"QFw9Te BLojaf\">\n<div id=\"ow14\" class=\"NQSJo\"><\/div>\n<\/div>\n<\/div>\n<div class=\"QcsUad BDJ8fb BLojaf sMVRZe hCXDsb wneUed\">\n<div class=\"usGWQd\">\n<div class=\"KkbLmb\">\n<div class=\"lRu31\" dir=\"ltr\"><span style=\"color: #800000;\"><strong><span class=\"HwtZe\" lang=\"it\"><span class=\"jCAhz ChMk0b\"><span class=\"ryNqvb\">VIAGGIO DI RISVEGLIO TANTRALIFE<\/span><\/span><\/span><\/strong><\/span><\/div>\n<div dir=\"ltr\"><\/div>\n<div class=\"lRu31\" dir=\"ltr\"><\/div>\n<div class=\"lRu31\" dir=\"ltr\"><strong><span class=\"HwtZe\" lang=\"it\"><span class=\"jCAhz ChMk0b\"><span class=\"ryNqvb\">Risveglia i tuoi sensi.<\/span><\/span> <span class=\"jCAhz ChMk0b\"><span class=\"ryNqvb\">Apri il tuo cuore.<\/span><\/span> <span class=\"jCAhz ChMk0b\"><span class=\"ryNqvb\">Vivi il Tantra.<\/span><\/span><\/span><\/strong><\/div>\n<\/div>\n<\/div>\n<\/div>\n<p>Il Viaggio di Risveglio Tantralife \u00e8 un percorso potente ed esperienziale che ti invita a riscoprire la gioia di essere viv\u01dd. Guidat\u01dd dagli insegnamenti di Osho e dalla saggezza senza tempo del Tantra, questo percorso fonde meditazione, respiro, movimento e connessione consapevole per risvegliare <strong>energia<\/strong>, <strong>consapevolezza<\/strong> e <strong>amore<\/strong> dentro di te.<\/p>\n<p class=\"p1\">In uno spazio sicuro e sacro, imparerai a rilassarti nel tuo flusso naturale, ad abbracciare la tua sensualit\u00e0 e a riconnetterti con l&#8217;essenza di ci\u00f2 che sei. Attraverso pratiche dinamiche, condivisione e momenti di silenzio, ti aprirai a un senso di presenza pi\u00f9 profondo, dove <strong>lo spirituale e il sensuale si uniscono<\/strong> in armonia.<\/p>\n<p><span style=\"color: #993300;\"><strong>COME FUNZIONA<\/strong><\/span><\/p>\n<p>Il modo ottimale di completare il percorso \u00e8 frequentare i 4<strong>\u00a0corsi residenziali<\/strong> che lo compongono.<br \/>\nOgni corso \u00e8 completo in s\u00e9, ma frequentando tutti e quattro i corsi, hai modo di dedicarti il tempo necessario per\u00a0 esplorare un tema cos\u00ec delicato e profondo.<\/p>\n<p><span style=\"color: #993300;\"><strong>QUESTO VIAGGIO FA PER TE SE VUOI:<\/strong><\/span><\/p>\n<p class=\"p1\">\u2022 Risvegliare la tua energia vitale e vivere in modo pi\u00f9 consapevole<\/p>\n<p class=\"p1\">\u2022 Approfondire la tua connessione con te stess\u01dd e con gli altri<\/p>\n<p class=\"p1\">\u2022 Esplorare l&#8217;amore, l&#8217;intimit\u00e0 e la presenza oltre i condizionamenti<\/p>\n<p class=\"p1\">\u2022 Vivere il Tantra come un percorso di trasformazione e gioia<\/p>\n<p class=\"p1\">Inizia il Viaggio di Risveglio di Tantralife e permetti al tuo essere di espandersi: dalla consapevolezza all&#8217;estasi, dalla separazione all&#8217;unione.<\/p>\n<\/div>\n<\/div>\n<\/div>\n<\/div>\n<\/div>\n<\/div>\n<\/div>\n<div id=\"cmsms_row_6a018347c31269_98158862\" class=\"cmsms_row cmsms_color_scheme_default\">\n<div class=\"cmsms_row_outer_parent\">\n<div class=\"cmsms_row_outer\">\n<div class=\"cmsms_row_inner\">\n<div class=\"cmsms_row_margin\">\n<div class=\"cmsms_column one_first\" data-animation=\"fadeInUp\" data-delay=\"500\">\n\n<div id=\"cmsms_icon_box_6a018347c31f45_29231875\" class=\"cmsms_icon_box cmsms_icon_heading_left box_icon_type_icon\">\n<div class=\"icon_box_inner\">\n<h3 class=\"icon_box_heading cmsms-icon-info-2\">INFO PRATICHE<\/h3>\n<div class=\"icon_box_text\">\n<div style=\"padding: 0 20px;\">\n<h4>Sede<\/h4>\n<p class=\"p1\"><span class=\"s1\">Abbiamo selezionato una meravigliosa sede, in Toscana, immersa nella <b>natura,<\/b>\u00a0per garantire <b>privacy e protezione<\/b> al gruppo. In centro \u00e8 bem scaldato\/rinfrescato, luminoso, spazioso e pulito. Il pernottamento \u00e8 in camere condivise e il cibo \u00e8 <b>vegetariano e gustoso<\/b> (con attenzione a chi ha allergie alimentari).<br \/>\nL&#8217;indirizzo esatto verr\u00e0 fornito all&#8217;iscrizione.<\/span><\/p>\n<p class=\"p1\"><strong>Prezzi a persona:<\/strong><\/p>\n<p class=\"p1\">&#8211; PRIMAVERA: \u20ac 590 per il corso + \u20ac 460 per vitto e alloggio<\/p>\n<p class=\"p1\">&#8211; ESTATE: \u20ac 910 + \u20ac 644 per vitto e alloggio<\/p>\n<p class=\"p1\">&#8211; AUTUNNO: \u20ac 590 + \u20ac 460 per vitto e alloggio<\/p>\n<p class=\"p1\">&#8211; INVERNO: \u20ac 590 + \u20ac 485 per vitto e alloggio<\/p>\n<p class=\"p1\">Tessera annuale per il centro che ospita il Training: \u20ac 10; tassa di soggiorno: \u20ac 3 per ogni corso.<\/p>\n<p class=\"p1\">SCONTI:<\/p>\n<p class=\"p1\">&#8211; giovani under 26: -30% sulla quota corso<\/p>\n<p class=\"p1\">&#8211; early bird: sconto \u20ac 100 per prenotazione entro 60 gg dal corso<\/p>\n<p class=\"p1\">&#8211; iscrizione contestuale ai 4 corsi del Viaggio: sconto \u20ac 500 (non cumulabile con altri sconti)<\/p>\n<p class=\"p1\"><strong>La quota include:<\/strong><\/p>\n<p class=\"p1\">\u2022 tutte le attivit\u00e0 didattiche e le meditazioni (10 ore al giorno di media)<br \/>\n\u2022 materiale didattico<br \/>\n\u2022 un colloquio individuale propedeutico online con uno degli insegnanti Tantralife<\/p>\n<p><strong>Termine ultimo iscrizioni:<\/strong><br \/>\nData l&#8217;internazionalit\u00e0 del Training e il numero limitato di posti disponibili, consigliamo di confermare l&#8217;iscrizione con almeno tre\/sei mesi di anticipo.<\/p>\n<p><strong>INFO E PRENOTAZIONI:<\/strong><br \/>\nTel. +39 342 168 55 84 (lun-ven h 9.30 &#8211; 13.30)<\/p>\n<p><a href=\"mailto:info@tantralife.com\">email: info@tantralife.com<\/a><\/p>\n<\/div>\n<\/div>\n<\/div>\n<\/div>\n<\/div>\n<\/div>\n<\/div>\n<\/div>\n<\/div>\n<\/div>\n<div id=\"cmsms_row_6a018347c32470_37627923\" class=\"cmsms_row cmsms_color_scheme_default\">\n<div class=\"cmsms_row_outer_parent\">\n<div class=\"cmsms_row_outer\">\n<div class=\"cmsms_row_inner\">\n<div class=\"cmsms_row_margin\">\n<div class=\"cmsms_column one_half\" data-animation=\"fadeInUp\" data-delay=\"300\">\n<div class=\"custom_html\">\n<div class=\"cmsms_video_wrap imgsquare\"><iframe loading=\"lazy\" src=\"https:\/\/www.youtube.com\/embed\/C-7pFGeS1f4?feature=oembed&wmode=opaque\" allow=\"accelerometer; autoplay; encrypted-media; gyroscope; picture-in-picture\" allowfullscreen=\"\" width=\"820\" height=\"461\" frameborder=\"0\"><\/iframe><\/div>\n<\/div>\n<\/div>\n<div class=\"cmsms_column one_half\" data-animation=\"fadeInUp\" data-delay=\"600\">\n<div class=\"custom_html\">\n<div class=\"cmsms_video_wrap imgsquare\"><iframe loading=\"lazy\" src=\"https:\/\/www.youtube.com\/embed\/ONyZ-haJwAo?feature=oembed&wmode=opaque\" allow=\"accelerometer; autoplay; encrypted-media; gyroscope; picture-in-picture\" allowfullscreen=\"\" width=\"820\" height=\"461\" frameborder=\"0\"><\/iframe><\/div>\n<\/div>\n<\/div>\n<\/div>\n<\/div>\n<\/div>\n<\/div>\n<\/div>\n<div id=\"cmsms_row_6a018347c32f06_92056682\" class=\"cmsms_row cmsms_color_scheme_fifth\">\n<div class=\"cmsms_row_outer_parent\">\n<div class=\"cmsms_row_outer\">\n<div class=\"cmsms_row_inner\">\n<div class=\"cmsms_row_margin\">\n<div class=\"cmsms_column three_fourth\">\n\n<div id=\"cmsms_heading_6a018347c333f1_15838950\" class=\"cmsms_heading_wrap cmsms_heading_align_left\">\n\t<h1 class=\"cmsms_heading\">Scopri tutti i corsi e gli eventi in programma!<\/h1>\n<\/div>\n<\/div>\n<div class=\"cmsms_column one_fourth\">\n\n<div id=\"cmsms_button_6a018347c33883_10117864\" class=\"button_wrap\"><a href=\"\/it\/calendar\/\" class=\"cmsms_button cmsms-icon-calendar-3\"><span>CALENDARIO<\/span><\/a><\/div>\n<\/div>\n<\/div>\n<\/div>\n<\/div>\n<\/div>\n<\/div>\n\n","protected":false},"excerpt":{"rendered":"","protected":false},"author":1,"featured_media":0,"parent":10290,"menu_order":1,"comment_status":"closed","ping_status":"closed","template":"","meta":{"footnotes":""},"class_list":["post-7414","page","type-page","status-publish","hentry"],"yoast_head":"<!-- This site is optimized with the Yoast SEO plugin v26.2 - https:\/\/yoast.com\/wordpress\/plugins\/seo\/ -->\n<title>Tantralife Viaggio di Risveglio: sensualit\u00e0 e meditazione<\/title>\n<meta name=\"description\" content=\"Un profondo viaggio di crescita personale, per esplorare incondizionatamente e diventare consapevole della tua sessualit\u00e0.\" \/>\n<meta name=\"robots\" content=\"index, follow, max-snippet:-1, max-image-preview:large, max-video-preview:-1\" \/>\n<link rel=\"canonical\" href=\"https:\/\/www.tantralife.com\/it\/tantralife-academy\/tantralife-viaggio-di-risveglio\/\" \/>\n<meta property=\"og:locale\" content=\"it_IT\" \/>\n<meta property=\"og:type\" content=\"article\" \/>\n<meta property=\"og:title\" content=\"Tantralife Viaggio di Risveglio: sensualit\u00e0 e meditazione\" \/>\n<meta property=\"og:description\" content=\"Un profondo viaggio di crescita personale, per esplorare incondizionatamente e diventare consapevole della tua sessualit\u00e0.\" \/>\n<meta property=\"og:url\" content=\"https:\/\/www.tantralife.com\/it\/tantralife-academy\/tantralife-viaggio-di-risveglio\/\" \/>\n<meta property=\"og:site_name\" content=\"Tantralife\" \/>\n<meta property=\"article:modified_time\" content=\"2025-10-30T07:57:56+00:00\" \/>\n<meta name=\"twitter:card\" content=\"summary_large_image\" \/>\n<meta name=\"twitter:label1\" content=\"Tempo di lettura stimato\" \/>\n\t<meta name=\"twitter:data1\" content=\"3 minuti\" \/>\n<script type=\"application\/ld+json\" class=\"yoast-schema-graph\">{\"@context\":\"https:\/\/schema.org\",\"@graph\":[{\"@type\":\"WebPage\",\"@id\":\"https:\/\/www.tantralife.com\/it\/tantralife-academy\/tantralife-viaggio-di-risveglio\/\",\"url\":\"https:\/\/www.tantralife.com\/it\/tantralife-academy\/tantralife-viaggio-di-risveglio\/\",\"name\":\"Tantralife Viaggio di Risveglio: sensualit\u00e0 e meditazione\",\"isPartOf\":{\"@id\":\"https:\/\/www.tantralife.com\/it\/#website\"},\"datePublished\":\"2020-01-15T13:04:05+00:00\",\"dateModified\":\"2025-10-30T07:57:56+00:00\",\"description\":\"Un profondo viaggio di crescita personale, per esplorare incondizionatamente e diventare consapevole della tua sessualit\u00e0.\",\"breadcrumb\":{\"@id\":\"https:\/\/www.tantralife.com\/it\/tantralife-academy\/tantralife-viaggio-di-risveglio\/#breadcrumb\"},\"inLanguage\":\"it-IT\",\"potentialAction\":[{\"@type\":\"ReadAction\",\"target\":[\"https:\/\/www.tantralife.com\/it\/tantralife-academy\/tantralife-viaggio-di-risveglio\/\"]}]},{\"@type\":\"BreadcrumbList\",\"@id\":\"https:\/\/www.tantralife.com\/it\/tantralife-academy\/tantralife-viaggio-di-risveglio\/#breadcrumb\",\"itemListElement\":[{\"@type\":\"ListItem\",\"position\":1,\"name\":\"Tantralife Academy\",\"item\":\"https:\/\/www.tantralife.com\/it\/tantralife-academy\/\"},{\"@type\":\"ListItem\",\"position\":2,\"name\":\"Tantralife Viaggio di Risveglio\"}]},{\"@type\":\"WebSite\",\"@id\":\"https:\/\/www.tantralife.com\/it\/#website\",\"url\":\"https:\/\/www.tantralife.com\/it\/\",\"name\":\"Tantralife\",\"description\":\"conscious love natural life\",\"publisher\":{\"@id\":\"https:\/\/www.tantralife.com\/it\/#organization\"},\"potentialAction\":[{\"@type\":\"SearchAction\",\"target\":{\"@type\":\"EntryPoint\",\"urlTemplate\":\"https:\/\/www.tantralife.com\/it\/?s={search_term_string}\"},\"query-input\":{\"@type\":\"PropertyValueSpecification\",\"valueRequired\":true,\"valueName\":\"search_term_string\"}}],\"inLanguage\":\"it-IT\"},{\"@type\":\"Organization\",\"@id\":\"https:\/\/www.tantralife.com\/it\/#organization\",\"name\":\"Tantralife\",\"url\":\"https:\/\/www.tantralife.com\/it\/\",\"logo\":{\"@type\":\"ImageObject\",\"inLanguage\":\"it-IT\",\"@id\":\"https:\/\/www.tantralife.com\/it\/#\/schema\/logo\/image\/\",\"url\":\"https:\/\/www.tantralife.com\/wp-content\/uploads\/tantralife_red.png\",\"contentUrl\":\"https:\/\/www.tantralife.com\/wp-content\/uploads\/tantralife_red.png\",\"width\":270,\"height\":61,\"caption\":\"Tantralife\"},\"image\":{\"@id\":\"https:\/\/www.tantralife.com\/it\/#\/schema\/logo\/image\/\"}}]}<\/script>\n<!-- \/ Yoast SEO plugin. -->","yoast_head_json":{"title":"Tantralife Viaggio di Risveglio: sensualit\u00e0 e meditazione","description":"Un profondo viaggio di crescita personale, per esplorare incondizionatamente e diventare consapevole della tua sessualit\u00e0.","robots":{"index":"index","follow":"follow","max-snippet":"max-snippet:-1","max-image-preview":"max-image-preview:large","max-video-preview":"max-video-preview:-1"},"canonical":"https:\/\/www.tantralife.com\/it\/tantralife-academy\/tantralife-viaggio-di-risveglio\/","og_locale":"it_IT","og_type":"article","og_title":"Tantralife Viaggio di Risveglio: sensualit\u00e0 e meditazione","og_description":"Un profondo viaggio di crescita personale, per esplorare incondizionatamente e diventare consapevole della tua sessualit\u00e0.","og_url":"https:\/\/www.tantralife.com\/it\/tantralife-academy\/tantralife-viaggio-di-risveglio\/","og_site_name":"Tantralife","article_modified_time":"2025-10-30T07:57:56+00:00","twitter_card":"summary_large_image","twitter_misc":{"Tempo di lettura stimato":"3 minuti"},"schema":{"@context":"https:\/\/schema.org","@graph":[{"@type":"WebPage","@id":"https:\/\/www.tantralife.com\/it\/tantralife-academy\/tantralife-viaggio-di-risveglio\/","url":"https:\/\/www.tantralife.com\/it\/tantralife-academy\/tantralife-viaggio-di-risveglio\/","name":"Tantralife Viaggio di Risveglio: sensualit\u00e0 e meditazione","isPartOf":{"@id":"https:\/\/www.tantralife.com\/it\/#website"},"datePublished":"2020-01-15T13:04:05+00:00","dateModified":"2025-10-30T07:57:56+00:00","description":"Un profondo viaggio di crescita personale, per esplorare incondizionatamente e diventare consapevole della tua sessualit\u00e0.","breadcrumb":{"@id":"https:\/\/www.tantralife.com\/it\/tantralife-academy\/tantralife-viaggio-di-risveglio\/#breadcrumb"},"inLanguage":"it-IT","potentialAction":[{"@type":"ReadAction","target":["https:\/\/www.tantralife.com\/it\/tantralife-academy\/tantralife-viaggio-di-risveglio\/"]}]},{"@type":"BreadcrumbList","@id":"https:\/\/www.tantralife.com\/it\/tantralife-academy\/tantralife-viaggio-di-risveglio\/#breadcrumb","itemListElement":[{"@type":"ListItem","position":1,"name":"Tantralife Academy","item":"https:\/\/www.tantralife.com\/it\/tantralife-academy\/"},{"@type":"ListItem","position":2,"name":"Tantralife Viaggio di Risveglio"}]},{"@type":"WebSite","@id":"https:\/\/www.tantralife.com\/it\/#website","url":"https:\/\/www.tantralife.com\/it\/","name":"Tantralife","description":"conscious love natural life","publisher":{"@id":"https:\/\/www.tantralife.com\/it\/#organization"},"potentialAction":[{"@type":"SearchAction","target":{"@type":"EntryPoint","urlTemplate":"https:\/\/www.tantralife.com\/it\/?s={search_term_string}"},"query-input":{"@type":"PropertyValueSpecification","valueRequired":true,"valueName":"search_term_string"}}],"inLanguage":"it-IT"},{"@type":"Organization","@id":"https:\/\/www.tantralife.com\/it\/#organization","name":"Tantralife","url":"https:\/\/www.tantralife.com\/it\/","logo":{"@type":"ImageObject","inLanguage":"it-IT","@id":"https:\/\/www.tantralife.com\/it\/#\/schema\/logo\/image\/","url":"https:\/\/www.tantralife.com\/wp-content\/uploads\/tantralife_red.png","contentUrl":"https:\/\/www.tantralife.com\/wp-content\/uploads\/tantralife_red.png","width":270,"height":61,"caption":"Tantralife"},"image":{"@id":"https:\/\/www.tantralife.com\/it\/#\/schema\/logo\/image\/"}}]}},"_links":{"self":[{"href":"https:\/\/www.tantralife.com\/it\/wp-json\/wp\/v2\/pages\/7414","targetHints":{"allow":["GET"]}}],"collection":[{"href":"https:\/\/www.tantralife.com\/it\/wp-json\/wp\/v2\/pages"}],"about":[{"href":"https:\/\/www.tantralife.com\/it\/wp-json\/wp\/v2\/types\/page"}],"author":[{"embeddable":true,"href":"https:\/\/www.tantralife.com\/it\/wp-json\/wp\/v2\/users\/1"}],"replies":[{"embeddable":true,"href":"https:\/\/www.tantralife.com\/it\/wp-json\/wp\/v2\/comments?post=7414"}],"version-history":[{"count":96,"href":"https:\/\/www.tantralife.com\/it\/wp-json\/wp\/v2\/pages\/7414\/revisions"}],"predecessor-version":[{"id":11988,"href":"https:\/\/www.tantralife.com\/it\/wp-json\/wp\/v2\/pages\/7414\/revisions\/11988"}],"up":[{"embeddable":true,"href":"https:\/\/www.tantralife.com\/it\/wp-json\/wp\/v2\/pages\/10290"}],"wp:attachment":[{"href":"https:\/\/www.tantralife.com\/it\/wp-json\/wp\/v2\/media?parent=7414"}],"curies":[{"name":"wp","href":"https:\/\/api.w.org\/{rel}","templated":true}]}}