{"id":7843,"date":"2020-01-28T09:21:10","date_gmt":"2020-01-28T08:21:10","guid":{"rendered":"https:\/\/www.tantralife.com\/?page_id=7843"},"modified":"2020-03-02T10:33:21","modified_gmt":"2020-03-02T09:33:21","slug":"osho","status":"publish","type":"page","link":"https:\/\/www.tantralife.com\/it\/osho\/","title":{"rendered":"Osho"},"content":{"rendered":"<style type=\"text\/css\"> \n#cmsms_row_6a018e4267de28_02305182 .cmsms_row_outer_parent { \n\tpadding-top: 60px; \n} \n\n#cmsms_row_6a018e4267de28_02305182 .cmsms_row_outer_parent { \n\tpadding-bottom: 50px; \n} \n\n \n#cmsms_heading_6a018e4267ed00_60611403 { \n\ttext-align:left; \n\tmargin-top:0px; \n\tmargin-bottom:40px; \n} \n\n#cmsms_heading_6a018e4267ed00_60611403 .cmsms_heading { \n\ttext-align:left; \n} \n\n#cmsms_heading_6a018e4267ed00_60611403 .cmsms_heading, #cmsms_heading_6a018e4267ed00_60611403 .cmsms_heading a { \n\tfont-weight:600; \n\tfont-style:normal; \n\tcolor:#ac2544;\n} \n\n#cmsms_heading_6a018e4267ed00_60611403 .cmsms_heading_divider { \n} \n\n \n#cmsms_row_6a018e4267f374_73992418 { \n\tbackground-color:rgba(254,210,98,0.5);\n} \n\n#cmsms_row_6a018e4267f374_73992418 .cmsms_row_outer_parent { \n\tpadding-top: 50px; \n} \n\n#cmsms_row_6a018e4267f374_73992418 .cmsms_row_outer_parent { \n\tpadding-bottom: 30px; \n} \n\n \n#cmsms_heading_6a018e4267f935_27820274 { \n\ttext-align:left; \n\tmargin-top:0px; \n\tmargin-bottom:20px; \n} \n\n#cmsms_heading_6a018e4267f935_27820274 .cmsms_heading { \n\ttext-align:left; \n} \n\n#cmsms_heading_6a018e4267f935_27820274 .cmsms_heading, #cmsms_heading_6a018e4267f935_27820274 .cmsms_heading a { \n\tfont-family:'Poiret One'; \n\tfont-size:38px; \n\tline-height:48px; \n\tfont-weight:bold; \n\tfont-style:normal; \n\tcolor:#ac2544;\n} \n\n#cmsms_heading_6a018e4267f935_27820274 .cmsms_heading_divider { \n} \n\n\n#cmsms_button_6a018e4267fec8_40553520 { \n\ttext-align:center; \n} \n\n#cmsms_button_6a018e4267fec8_40553520 .cmsms_button:before { \n\tmargin-right:.5em; \n\tmargin-left:0; \n\tvertical-align:baseline; \n} \n\n#cmsms_button_6a018e4267fec8_40553520 .cmsms_button { \n\tfont-size:15px; \n\tline-height:40px; \n\tfont-weight:700; \n\tfont-style:normal; \n\tborder-style:solid; \n\tbackground-color:rgba(254,210,98,0);\n\tcolor:#ac2544;\n\tborder-color:#ac2544;\n} \n#cmsms_button_6a018e4267fec8_40553520 .cmsms_button:hover { \n\tbackground-color:#ac2544;\n\tcolor:#ffffff;\n\tborder-color:#ac2544;\n} \n<\/style><div id=\"cmsms_row_6a018e4267de28_02305182\" class=\"cmsms_row cmsms_color_scheme_default\">\n<div class=\"cmsms_row_outer_parent\">\n<div class=\"cmsms_row_outer\">\n<div class=\"cmsms_row_inner\">\n<div class=\"cmsms_row_margin\">\n<div class=\"cmsms_column one_first\">\n\n<div id=\"cmsms_heading_6a018e4267ed00_60611403\" class=\"cmsms_heading_wrap cmsms_heading_align_left\">\n\t<h1 class=\"cmsms_heading\">Osho<\/h1>\n<\/div><div class=\"cmsms_text\">\n<p><img loading=\"lazy\" decoding=\"async\" class=\"alignleft size-medium wp-image-8325\" src=\"https:\/\/www.tantralife.com\/wp-content\/uploads\/osho_in_the_70s-300x237.jpg\" alt=\"Osho\" width=\"300\" height=\"237\" srcset=\"https:\/\/www.tantralife.com\/wp-content\/uploads\/osho_in_the_70s-300x237.jpg 300w, https:\/\/www.tantralife.com\/wp-content\/uploads\/osho_in_the_70s-768x607.jpg 768w, https:\/\/www.tantralife.com\/wp-content\/uploads\/osho_in_the_70s-580x459.jpg 580w, https:\/\/www.tantralife.com\/wp-content\/uploads\/osho_in_the_70s.jpg 812w\" sizes=\"auto, (max-width: 300px) 100vw, 300px\" \/>Osho (all\u2019anagrafe Chandra Mohan Jain, 11 dicembre 1931-19 gennaio 1990), noto anche come Bhagwan Shri Rajneesh, e in seguito come Osho \u00e8 un mistico indiano, un Maestro spirituale e un Illuminato.<\/p>\n<p>Mentre era in vita, veniva considerato un controverso mistico e il leader di un nuovo movimento religioso, nonostante lui stesso si definisse un &#8220;uomo ordinario&#8221;.<\/p>\n<p>Negli anni &#8217;60 viaggi\u00f2 in tutta l&#8217;India come oratore pubblico sottolineando l&#8217;importanza della meditazione, della mindfulness, della consapevolezza, dell\u2019amore, della celebrazione, del coraggio, della creativit\u00e0 e dell\u2019umorismo &#8211; qualit\u00e0 che considerava represse dall&#8217;adesione ai sistemi di credenze statiche e alle religioni. Sostenendo un atteggiamento pi\u00f9 aperto nei confronti della sessualit\u00e0 umana, provoc\u00f2 forti polemiche in India alla fine degli anni &#8217;60, cosa che gli procur\u00f2 l&#8217;appellativo di &#8220;guru del sesso&#8221;.<\/p>\n<p>Nel 1970 Rajneesh trascorse del tempo a Mumbai dando l&#8217;iniziazione a molti seguaci che chiamava &#8220;neo-sannyasin&#8221;, in provocatoria contrapposizione al sannyas tradizionale che prevedeva il ritiro dal mondo mondano. Durante questo periodo ampli\u00f2 i suoi insegnamenti spirituali commentando ampiamente gli scritti delle tradizioni religiose, mistiche e filosofiche di tutto il mondo.<\/p>\n<p>Nel 1974, Rajneesh si trasfer\u00ec a Poona, dove fu fondato un ashram che proponeva al crescente seguito occidentale una variet\u00e0 di terapie meditative, attinte sia alle tradizioni orientali che ai metodi sviluppati in occidente dal Movimento per lo sviluppo del potenziale umano. \u00c8 in questo periodo che Radha arriva a Poona e da allora \u00e8 sempre stata vicina al suo Maestro.<\/p>\n<p>Gli insegnamenti e i metodi di Osho hanno avuto un notevole impatto sulla New Age occidentale e la loro popolarit\u00e0 \u00e8 aumentata ulteriormente dopo la sua morte.<\/p>\n<p>Per ulteriori informazioni su Osho, visitare: <a href=\"http:\/\/www.osho.com\" target=\"_blank\" rel=\"noopener noreferrer\">www.osho.com<\/a><\/p>\n<\/div>\n<\/div>\n<\/div>\n<\/div>\n<\/div>\n<\/div>\n<\/div>\n<div id=\"cmsms_row_6a018e4267f374_73992418\" class=\"cmsms_row cmsms_color_scheme_fifth\">\n<div class=\"cmsms_row_outer_parent\">\n<div class=\"cmsms_row_outer\">\n<div class=\"cmsms_row_inner\">\n<div class=\"cmsms_row_margin\">\n<div class=\"cmsms_column three_fourth\">\n\n<div id=\"cmsms_heading_6a018e4267f935_27820274\" class=\"cmsms_heading_wrap cmsms_heading_align_left\">\n\t<h1 class=\"cmsms_heading\">Scopri tutti i corsi e gli eventi in programma!<\/h1>\n<\/div>\n<\/div>\n<div class=\"cmsms_column one_fourth\">\n\n<div id=\"cmsms_button_6a018e4267fec8_40553520\" class=\"button_wrap\"><a href=\"\/it\/calendar\/\" class=\"cmsms_button cmsms-icon-calendar-3\"><span>CALENDARIO<\/span><\/a><\/div>\n<\/div>\n<\/div>\n<\/div>\n<\/div>\n<\/div>\n<\/div>\n\n","protected":false},"excerpt":{"rendered":"","protected":false},"author":1,"featured_media":8325,"parent":0,"menu_order":8,"comment_status":"closed","ping_status":"closed","template":"","meta":{"footnotes":""},"class_list":["post-7843","page","type-page","status-publish","has-post-thumbnail","hentry"],"yoast_head":"<!-- This site is optimized with the Yoast SEO plugin v26.2 - https:\/\/yoast.com\/wordpress\/plugins\/seo\/ -->\n<title>Osho (all\u2019anagrafe Chandra Mohan Jain, 11 dic 1931-19 gen1990)<\/title>\n<meta name=\"description\" content=\"Osho, noto anche come Bhagwan Shri Rajneesh, e in seguito come Osho \u00e8 un mistico indiano, un Maestro spirituale e un Illuminato.\" \/>\n<meta name=\"robots\" content=\"index, follow, max-snippet:-1, max-image-preview:large, max-video-preview:-1\" \/>\n<link rel=\"canonical\" href=\"https:\/\/www.tantralife.com\/it\/osho\/\" \/>\n<meta property=\"og:locale\" content=\"it_IT\" \/>\n<meta property=\"og:type\" content=\"article\" \/>\n<meta property=\"og:title\" content=\"Osho (all\u2019anagrafe Chandra Mohan Jain, 11 dic 1931-19 gen1990)\" \/>\n<meta property=\"og:description\" content=\"Osho, noto anche come Bhagwan Shri Rajneesh, e in seguito come Osho \u00e8 un mistico indiano, un Maestro spirituale e un Illuminato.\" \/>\n<meta property=\"og:url\" content=\"https:\/\/www.tantralife.com\/it\/osho\/\" \/>\n<meta property=\"og:site_name\" content=\"Tantralife\" \/>\n<meta property=\"article:modified_time\" content=\"2020-03-02T09:33:21+00:00\" \/>\n<meta property=\"og:image\" content=\"https:\/\/www.tantralife.com\/wp-content\/uploads\/osho_in_the_70s.jpg\" \/>\n\t<meta property=\"og:image:width\" content=\"812\" \/>\n\t<meta property=\"og:image:height\" content=\"642\" \/>\n\t<meta property=\"og:image:type\" content=\"image\/jpeg\" \/>\n<meta name=\"twitter:card\" content=\"summary_large_image\" \/>\n<meta name=\"twitter:label1\" content=\"Tempo di lettura stimato\" \/>\n\t<meta name=\"twitter:data1\" content=\"2 minuti\" \/>\n<script type=\"application\/ld+json\" class=\"yoast-schema-graph\">{\"@context\":\"https:\/\/schema.org\",\"@graph\":[{\"@type\":\"WebPage\",\"@id\":\"https:\/\/www.tantralife.com\/it\/osho\/\",\"url\":\"https:\/\/www.tantralife.com\/it\/osho\/\",\"name\":\"Osho (all\u2019anagrafe Chandra Mohan Jain, 11 dic 1931-19 gen1990)\",\"isPartOf\":{\"@id\":\"https:\/\/www.tantralife.com\/it\/#website\"},\"primaryImageOfPage\":{\"@id\":\"https:\/\/www.tantralife.com\/it\/osho\/#primaryimage\"},\"image\":{\"@id\":\"https:\/\/www.tantralife.com\/it\/osho\/#primaryimage\"},\"thumbnailUrl\":\"https:\/\/www.tantralife.com\/wp-content\/uploads\/osho_in_the_70s.jpg\",\"datePublished\":\"2020-01-28T08:21:10+00:00\",\"dateModified\":\"2020-03-02T09:33:21+00:00\",\"description\":\"Osho, noto anche come Bhagwan Shri Rajneesh, e in seguito come Osho \u00e8 un mistico indiano, un Maestro spirituale e un Illuminato.\",\"inLanguage\":\"it-IT\",\"potentialAction\":[{\"@type\":\"ReadAction\",\"target\":[\"https:\/\/www.tantralife.com\/it\/osho\/\"]}]},{\"@type\":\"ImageObject\",\"inLanguage\":\"it-IT\",\"@id\":\"https:\/\/www.tantralife.com\/it\/osho\/#primaryimage\",\"url\":\"https:\/\/www.tantralife.com\/wp-content\/uploads\/osho_in_the_70s.jpg\",\"contentUrl\":\"https:\/\/www.tantralife.com\/wp-content\/uploads\/osho_in_the_70s.jpg\",\"width\":812,\"height\":642,\"caption\":\"Osho\"},{\"@type\":\"WebSite\",\"@id\":\"https:\/\/www.tantralife.com\/it\/#website\",\"url\":\"https:\/\/www.tantralife.com\/it\/\",\"name\":\"Tantralife\",\"description\":\"conscious love natural life\",\"publisher\":{\"@id\":\"https:\/\/www.tantralife.com\/it\/#organization\"},\"potentialAction\":[{\"@type\":\"SearchAction\",\"target\":{\"@type\":\"EntryPoint\",\"urlTemplate\":\"https:\/\/www.tantralife.com\/it\/?s={search_term_string}\"},\"query-input\":{\"@type\":\"PropertyValueSpecification\",\"valueRequired\":true,\"valueName\":\"search_term_string\"}}],\"inLanguage\":\"it-IT\"},{\"@type\":\"Organization\",\"@id\":\"https:\/\/www.tantralife.com\/it\/#organization\",\"name\":\"Tantralife\",\"url\":\"https:\/\/www.tantralife.com\/it\/\",\"logo\":{\"@type\":\"ImageObject\",\"inLanguage\":\"it-IT\",\"@id\":\"https:\/\/www.tantralife.com\/it\/#\/schema\/logo\/image\/\",\"url\":\"https:\/\/www.tantralife.com\/wp-content\/uploads\/tantralife_red.png\",\"contentUrl\":\"https:\/\/www.tantralife.com\/wp-content\/uploads\/tantralife_red.png\",\"width\":270,\"height\":61,\"caption\":\"Tantralife\"},\"image\":{\"@id\":\"https:\/\/www.tantralife.com\/it\/#\/schema\/logo\/image\/\"}}]}<\/script>\n<!-- \/ Yoast SEO plugin. -->","yoast_head_json":{"title":"Osho (all\u2019anagrafe Chandra Mohan Jain, 11 dic 1931-19 gen1990)","description":"Osho, noto anche come Bhagwan Shri Rajneesh, e in seguito come Osho \u00e8 un mistico indiano, un Maestro spirituale e un Illuminato.","robots":{"index":"index","follow":"follow","max-snippet":"max-snippet:-1","max-image-preview":"max-image-preview:large","max-video-preview":"max-video-preview:-1"},"canonical":"https:\/\/www.tantralife.com\/it\/osho\/","og_locale":"it_IT","og_type":"article","og_title":"Osho (all\u2019anagrafe Chandra Mohan Jain, 11 dic 1931-19 gen1990)","og_description":"Osho, noto anche come Bhagwan Shri Rajneesh, e in seguito come Osho \u00e8 un mistico indiano, un Maestro spirituale e un Illuminato.","og_url":"https:\/\/www.tantralife.com\/it\/osho\/","og_site_name":"Tantralife","article_modified_time":"2020-03-02T09:33:21+00:00","og_image":[{"width":812,"height":642,"url":"https:\/\/www.tantralife.com\/wp-content\/uploads\/osho_in_the_70s.jpg","type":"image\/jpeg"}],"twitter_card":"summary_large_image","twitter_misc":{"Tempo di lettura stimato":"2 minuti"},"schema":{"@context":"https:\/\/schema.org","@graph":[{"@type":"WebPage","@id":"https:\/\/www.tantralife.com\/it\/osho\/","url":"https:\/\/www.tantralife.com\/it\/osho\/","name":"Osho (all\u2019anagrafe Chandra Mohan Jain, 11 dic 1931-19 gen1990)","isPartOf":{"@id":"https:\/\/www.tantralife.com\/it\/#website"},"primaryImageOfPage":{"@id":"https:\/\/www.tantralife.com\/it\/osho\/#primaryimage"},"image":{"@id":"https:\/\/www.tantralife.com\/it\/osho\/#primaryimage"},"thumbnailUrl":"https:\/\/www.tantralife.com\/wp-content\/uploads\/osho_in_the_70s.jpg","datePublished":"2020-01-28T08:21:10+00:00","dateModified":"2020-03-02T09:33:21+00:00","description":"Osho, noto anche come Bhagwan Shri Rajneesh, e in seguito come Osho \u00e8 un mistico indiano, un Maestro spirituale e un Illuminato.","inLanguage":"it-IT","potentialAction":[{"@type":"ReadAction","target":["https:\/\/www.tantralife.com\/it\/osho\/"]}]},{"@type":"ImageObject","inLanguage":"it-IT","@id":"https:\/\/www.tantralife.com\/it\/osho\/#primaryimage","url":"https:\/\/www.tantralife.com\/wp-content\/uploads\/osho_in_the_70s.jpg","contentUrl":"https:\/\/www.tantralife.com\/wp-content\/uploads\/osho_in_the_70s.jpg","width":812,"height":642,"caption":"Osho"},{"@type":"WebSite","@id":"https:\/\/www.tantralife.com\/it\/#website","url":"https:\/\/www.tantralife.com\/it\/","name":"Tantralife","description":"conscious love natural life","publisher":{"@id":"https:\/\/www.tantralife.com\/it\/#organization"},"potentialAction":[{"@type":"SearchAction","target":{"@type":"EntryPoint","urlTemplate":"https:\/\/www.tantralife.com\/it\/?s={search_term_string}"},"query-input":{"@type":"PropertyValueSpecification","valueRequired":true,"valueName":"search_term_string"}}],"inLanguage":"it-IT"},{"@type":"Organization","@id":"https:\/\/www.tantralife.com\/it\/#organization","name":"Tantralife","url":"https:\/\/www.tantralife.com\/it\/","logo":{"@type":"ImageObject","inLanguage":"it-IT","@id":"https:\/\/www.tantralife.com\/it\/#\/schema\/logo\/image\/","url":"https:\/\/www.tantralife.com\/wp-content\/uploads\/tantralife_red.png","contentUrl":"https:\/\/www.tantralife.com\/wp-content\/uploads\/tantralife_red.png","width":270,"height":61,"caption":"Tantralife"},"image":{"@id":"https:\/\/www.tantralife.com\/it\/#\/schema\/logo\/image\/"}}]}},"_links":{"self":[{"href":"https:\/\/www.tantralife.com\/it\/wp-json\/wp\/v2\/pages\/7843","targetHints":{"allow":["GET"]}}],"collection":[{"href":"https:\/\/www.tantralife.com\/it\/wp-json\/wp\/v2\/pages"}],"about":[{"href":"https:\/\/www.tantralife.com\/it\/wp-json\/wp\/v2\/types\/page"}],"author":[{"embeddable":true,"href":"https:\/\/www.tantralife.com\/it\/wp-json\/wp\/v2\/users\/1"}],"replies":[{"embeddable":true,"href":"https:\/\/www.tantralife.com\/it\/wp-json\/wp\/v2\/comments?post=7843"}],"version-history":[{"count":8,"href":"https:\/\/www.tantralife.com\/it\/wp-json\/wp\/v2\/pages\/7843\/revisions"}],"predecessor-version":[{"id":8535,"href":"https:\/\/www.tantralife.com\/it\/wp-json\/wp\/v2\/pages\/7843\/revisions\/8535"}],"wp:featuredmedia":[{"embeddable":true,"href":"https:\/\/www.tantralife.com\/it\/wp-json\/wp\/v2\/media\/8325"}],"wp:attachment":[{"href":"https:\/\/www.tantralife.com\/it\/wp-json\/wp\/v2\/media?parent=7843"}],"curies":[{"name":"wp","href":"https:\/\/api.w.org\/{rel}","templated":true}]}}