{"id":8077,"date":"2020-01-31T12:22:37","date_gmt":"2020-01-31T11:22:37","guid":{"rendered":"https:\/\/www.tantralife.com\/?page_id=8077"},"modified":"2020-02-26T10:33:14","modified_gmt":"2020-02-26T09:33:14","slug":"privacy-policy","status":"publish","type":"page","link":"https:\/\/www.tantralife.com\/it\/privacy-policy\/","title":{"rendered":"Privacy Policy"},"content":{"rendered":"<style type=\"text\/css\"> \n#cmsms_row_6a018339d8eae9_18206897 .cmsms_row_outer_parent { \n\tpadding-top: 60px; \n} \n\n#cmsms_row_6a018339d8eae9_18206897 .cmsms_row_outer_parent { \n\tpadding-bottom: 50px; \n} \n\n \n#cmsms_heading_6a018339d8fc47_46607298 { \n\ttext-align:left; \n\tmargin-top:0px; \n\tmargin-bottom:40px; \n} \n\n#cmsms_heading_6a018339d8fc47_46607298 .cmsms_heading { \n\ttext-align:left; \n} \n\n#cmsms_heading_6a018339d8fc47_46607298 .cmsms_heading, #cmsms_heading_6a018339d8fc47_46607298 .cmsms_heading a { \n\tfont-weight:600; \n\tfont-style:normal; \n\tcolor:#ac2544;\n} \n\n#cmsms_heading_6a018339d8fc47_46607298 .cmsms_heading_divider { \n} \n\n<\/style><div id=\"cmsms_row_6a018339d8eae9_18206897\" class=\"cmsms_row cmsms_color_scheme_default\">\n<div class=\"cmsms_row_outer_parent\">\n<div class=\"cmsms_row_outer\">\n<div class=\"cmsms_row_inner\">\n<div class=\"cmsms_row_margin\">\n<div class=\"cmsms_column one_first\">\n\n<div id=\"cmsms_heading_6a018339d8fc47_46607298\" class=\"cmsms_heading_wrap cmsms_heading_align_left\">\n\t<h1 class=\"cmsms_heading\">TANTRALIFE Informativa Privacy<\/h1>\n<\/div><div class=\"cmsms_text\">\n<p>Ai sensi del GDPR \u2013 Regolamento Europeo sulla Privacy, Tantralife (nella persona di Camilla Luglio, Titolare e Responsabile<br \/>\ndel trattamento), ti informa che:<\/p>\n<p style=\"padding-bottom: 0;\"><strong>1. Fonte dei dati:<\/strong> i tuoi dati personali sono stati da te forniti spontaneamente, in occasione di:<\/p>\n<ul class=\"ibra\">\n<li>incontri e corsi;<\/li>\n<li>telefonate;<\/li>\n<li>altri contatti diretti;<\/li>\n<li>tue richieste di informazioni, anche tramite internet;<\/li>\n<li>tue richieste di adesione, anche tramite internet;<\/li>\n<li>comunicazioni e transazioni successive.<\/li>\n<\/ul>\n<p style=\"padding-bottom: 0;\"><strong>2. Finalit\u00e0 dei trattamenti:<\/strong> i dati di cui sopra sono raccolti, registrati, riordinati, memorizzati ed utilizzati per attivit\u00e0 funzionali all\u2019erogazione dei servizi di consulenza e formazione, ivi comprese le attivit\u00e0 predisposte per il contatto, l\u2019acquisizione, la gestione e l\u2019evasione delle tue richieste, nonch\u00e8 per ottemperare agli adempimenti ed agli obblighi amministrativi, di legge o fiscali inerenti alla tua partecipazione ai corsi. Pi\u00f9 in particolare i dati di cui sopra saranno trattati dai Titolari del trattamento, per:<\/p>\n<ul class=\"ibra\">\n<li>gestire le normali operazioni di organizzazione dei corsi;<\/li>\n<li>gestire gli adempimenti di natura amministrativa, contabile, civilistica, fiscale;<\/li>\n<li>predisporre e presentare dichiarazioni e documenti di natura civilistico \u2013 fiscale previsti da leggi, regolamenti, norme e direttive comunitarie;<\/li>\n<li>inviare materiale documentale, informativo e di aggiornamento relativo a corsi ed eventi da noi organizzati.<\/li>\n<li>Infine, saranno trattati per inviarti materiale informativo o comunicazioni in merito alle nostre iniziative, per invitarti a seminari, incontri, webinar, ecc., per informarti di nostre promozioni.<\/li>\n<li>Tutte le finalit\u00e0 sopra elencate sono da intendersi come finalit\u00e0 di carattere contrattuale e post contrattuale. Le comunicazioni e gli inviti di cui sopra saranno normalmente inviati a mezzo email, telefono o a mezzo posta ai contatti da te liberamente fornitoci. A tale proposito, la comunicazione dell\u2019indirizzo e-mail costituisce espressione del consenso a voler ricevere le suddette comunicazioni via posta elettronica.<\/li>\n<\/ul>\n<p><strong>3. Modalit\u00e0 del trattamento:<\/strong> i trattamenti di cui sopra potranno essere effettuati sia con mezzi cartacei, sia con mezzi e strumenti automatizzati, ubicati in Italia o all\u2019estero, presso i Titolari del trattamento.<\/p>\n<p><strong>4. Esclusione di trattamento di dati sensibili:<\/strong> Qualora ci fossero da te trasmessi tali dati, sar\u00e0 nostra cura cancellarli immediatamente, in mancanza di un esplicito tuo consenso scritto.<\/p>\n<p><strong>5. Natura del conferimento:<\/strong> il conferimento dei dati necessari per ottemperare agli adempimenti ed agli obblighi amministrativi, di legge o fiscali \u00e8 obbligatorio. Un eventuale rifiuto al conferimento di questi dati impedir\u00e0 pertanto la tua partecipazione alle nostre iniziative e corsi. Il conferimento di ulteriori dati \u00e8 facoltativo, ma il loro eventuale mancato conferimento potr\u00e0 limitare il tuo accesso ai benefici ed ai servizi proposti da Tantralife.<\/p>\n<p><strong>6. Ambito di comunicazione e diffusione dei dati:<\/strong> i dati personali di cui al punto 1. non saranno diffusi, ovvero non ne verr\u00e0 data conoscenza a soggetti indeterminati, in nessuna possibile forma, inclusa quella della loro messa a disposizione o semplice consultazione. Potranno, invece, essere comunicati al nostro personale dipendente, ai collaboratori interni e ai nostri consulenti. Potranno inoltre essere comunicati ai soggetti legittimati ad accedervi in forza di disposizioni di legge, regolamenti, normative comunitarie e, nei limiti strettamente necessari, ai soggetti che, sempre per finalit\u00e0 relative all&#8217;esecuzione dei rapporti contrattuali con te o per l&#8217;instaurazione di nuovi rapporti contrattuali, debbano fornirci beni e\/o eseguire su nostro incarico prestazioni o servizi.<\/p>\n<p><strong>7. Soggetti che effettuano i trattamenti:<\/strong> i nostri eventuali dipendenti e\/o i nostri collaboratori interni ed esterni sono stati nominati \u201cincaricati del trattamento\u201d sulla base dei ruoli e delle mansioni lavorative espletate. Pertanto, essi hanno diritto a conoscere e trattare i dati da te trasmessici, nei limiti delle loro competenze ed in conformit\u00e0 alle istruzioni impartite dal \u201cTitolare del trattamento\u201d.<\/p>\n<p><strong>8. Trasferimento all\u2019estero:<\/strong> i tuoi dati personali potranno essere trasferiti in Paesi dell&#8217;Unione Europea e in Paesi terzi, nell&#8217;ambito delle finalit\u00e0 sopra indicate.<\/p>\n<p><strong>9. Durata del trattamento:<\/strong> i tuoi dati saranno conservati e trattati per il tempo necessario ad adempiere alle finalit\u00e0 indicate. Successivamente, saranno soltanto conservati per il tempo stabilito dalle vigenti disposizioni in materia civilistica e fiscale.<\/p>\n<p><strong>10. Diritti dell\u2019interessato:<\/strong> in qualsiasi momento potrai accedere ai tuoi dati personali per conoscerne l&#8217;utilizzo, ottenerne la cancellazione, la correzione, la modifica, l&#8217;aggiornamento, l&#8217;integrazione, oppure opporti al trattamento inviando una richiesta via email al seguente indirizzo: <a href=\"mailto:info@tantralife.com\">info@tantralife.com<\/a><\/p>\n<\/div>\n<\/div>\n<\/div>\n<\/div>\n<\/div>\n<\/div>\n<\/div>\n\n","protected":false},"excerpt":{"rendered":"","protected":false},"author":1,"featured_media":0,"parent":0,"menu_order":99,"comment_status":"closed","ping_status":"closed","template":"","meta":{"footnotes":""},"class_list":["post-8077","page","type-page","status-publish","hentry"],"yoast_head":"<!-- This site is optimized with the Yoast SEO plugin v26.2 - https:\/\/yoast.com\/wordpress\/plugins\/seo\/ -->\n<title>Privacy Policy - Tantralife<\/title>\n<meta name=\"robots\" content=\"noindex, nofollow\" \/>\n<meta property=\"og:locale\" content=\"it_IT\" \/>\n<meta property=\"og:type\" content=\"article\" \/>\n<meta property=\"og:title\" content=\"Privacy Policy - Tantralife\" \/>\n<meta property=\"og:url\" content=\"https:\/\/www.tantralife.com\/it\/privacy-policy\/\" \/>\n<meta property=\"og:site_name\" content=\"Tantralife\" \/>\n<meta property=\"article:modified_time\" content=\"2020-02-26T09:33:14+00:00\" \/>\n<meta name=\"twitter:card\" content=\"summary_large_image\" \/>\n<meta name=\"twitter:label1\" content=\"Tempo di lettura stimato\" \/>\n\t<meta name=\"twitter:data1\" content=\"4 minuti\" \/>\n<script type=\"application\/ld+json\" class=\"yoast-schema-graph\">{\"@context\":\"https:\/\/schema.org\",\"@graph\":[{\"@type\":\"WebPage\",\"@id\":\"https:\/\/www.tantralife.com\/it\/privacy-policy\/\",\"url\":\"https:\/\/www.tantralife.com\/it\/privacy-policy\/\",\"name\":\"Privacy Policy - Tantralife\",\"isPartOf\":{\"@id\":\"https:\/\/www.tantralife.com\/it\/#website\"},\"datePublished\":\"2020-01-31T11:22:37+00:00\",\"dateModified\":\"2020-02-26T09:33:14+00:00\",\"inLanguage\":\"it-IT\",\"potentialAction\":[{\"@type\":\"ReadAction\",\"target\":[\"https:\/\/www.tantralife.com\/it\/privacy-policy\/\"]}]},{\"@type\":\"WebSite\",\"@id\":\"https:\/\/www.tantralife.com\/it\/#website\",\"url\":\"https:\/\/www.tantralife.com\/it\/\",\"name\":\"Tantralife\",\"description\":\"conscious love natural life\",\"publisher\":{\"@id\":\"https:\/\/www.tantralife.com\/it\/#organization\"},\"potentialAction\":[{\"@type\":\"SearchAction\",\"target\":{\"@type\":\"EntryPoint\",\"urlTemplate\":\"https:\/\/www.tantralife.com\/it\/?s={search_term_string}\"},\"query-input\":{\"@type\":\"PropertyValueSpecification\",\"valueRequired\":true,\"valueName\":\"search_term_string\"}}],\"inLanguage\":\"it-IT\"},{\"@type\":\"Organization\",\"@id\":\"https:\/\/www.tantralife.com\/it\/#organization\",\"name\":\"Tantralife\",\"url\":\"https:\/\/www.tantralife.com\/it\/\",\"logo\":{\"@type\":\"ImageObject\",\"inLanguage\":\"it-IT\",\"@id\":\"https:\/\/www.tantralife.com\/it\/#\/schema\/logo\/image\/\",\"url\":\"https:\/\/www.tantralife.com\/wp-content\/uploads\/tantralife_red.png\",\"contentUrl\":\"https:\/\/www.tantralife.com\/wp-content\/uploads\/tantralife_red.png\",\"width\":270,\"height\":61,\"caption\":\"Tantralife\"},\"image\":{\"@id\":\"https:\/\/www.tantralife.com\/it\/#\/schema\/logo\/image\/\"}}]}<\/script>\n<!-- \/ Yoast SEO plugin. -->","yoast_head_json":{"title":"Privacy Policy - Tantralife","robots":{"index":"noindex","follow":"nofollow"},"og_locale":"it_IT","og_type":"article","og_title":"Privacy Policy - Tantralife","og_url":"https:\/\/www.tantralife.com\/it\/privacy-policy\/","og_site_name":"Tantralife","article_modified_time":"2020-02-26T09:33:14+00:00","twitter_card":"summary_large_image","twitter_misc":{"Tempo di lettura stimato":"4 minuti"},"schema":{"@context":"https:\/\/schema.org","@graph":[{"@type":"WebPage","@id":"https:\/\/www.tantralife.com\/it\/privacy-policy\/","url":"https:\/\/www.tantralife.com\/it\/privacy-policy\/","name":"Privacy Policy - Tantralife","isPartOf":{"@id":"https:\/\/www.tantralife.com\/it\/#website"},"datePublished":"2020-01-31T11:22:37+00:00","dateModified":"2020-02-26T09:33:14+00:00","inLanguage":"it-IT","potentialAction":[{"@type":"ReadAction","target":["https:\/\/www.tantralife.com\/it\/privacy-policy\/"]}]},{"@type":"WebSite","@id":"https:\/\/www.tantralife.com\/it\/#website","url":"https:\/\/www.tantralife.com\/it\/","name":"Tantralife","description":"conscious love natural life","publisher":{"@id":"https:\/\/www.tantralife.com\/it\/#organization"},"potentialAction":[{"@type":"SearchAction","target":{"@type":"EntryPoint","urlTemplate":"https:\/\/www.tantralife.com\/it\/?s={search_term_string}"},"query-input":{"@type":"PropertyValueSpecification","valueRequired":true,"valueName":"search_term_string"}}],"inLanguage":"it-IT"},{"@type":"Organization","@id":"https:\/\/www.tantralife.com\/it\/#organization","name":"Tantralife","url":"https:\/\/www.tantralife.com\/it\/","logo":{"@type":"ImageObject","inLanguage":"it-IT","@id":"https:\/\/www.tantralife.com\/it\/#\/schema\/logo\/image\/","url":"https:\/\/www.tantralife.com\/wp-content\/uploads\/tantralife_red.png","contentUrl":"https:\/\/www.tantralife.com\/wp-content\/uploads\/tantralife_red.png","width":270,"height":61,"caption":"Tantralife"},"image":{"@id":"https:\/\/www.tantralife.com\/it\/#\/schema\/logo\/image\/"}}]}},"_links":{"self":[{"href":"https:\/\/www.tantralife.com\/it\/wp-json\/wp\/v2\/pages\/8077","targetHints":{"allow":["GET"]}}],"collection":[{"href":"https:\/\/www.tantralife.com\/it\/wp-json\/wp\/v2\/pages"}],"about":[{"href":"https:\/\/www.tantralife.com\/it\/wp-json\/wp\/v2\/types\/page"}],"author":[{"embeddable":true,"href":"https:\/\/www.tantralife.com\/it\/wp-json\/wp\/v2\/users\/1"}],"replies":[{"embeddable":true,"href":"https:\/\/www.tantralife.com\/it\/wp-json\/wp\/v2\/comments?post=8077"}],"version-history":[{"count":9,"href":"https:\/\/www.tantralife.com\/it\/wp-json\/wp\/v2\/pages\/8077\/revisions"}],"predecessor-version":[{"id":8323,"href":"https:\/\/www.tantralife.com\/it\/wp-json\/wp\/v2\/pages\/8077\/revisions\/8323"}],"wp:attachment":[{"href":"https:\/\/www.tantralife.com\/it\/wp-json\/wp\/v2\/media?parent=8077"}],"curies":[{"name":"wp","href":"https:\/\/api.w.org\/{rel}","templated":true}]}}